{"id":8495,"date":"2023-05-26T11:02:17","date_gmt":"2023-05-26T14:02:17","guid":{"rendered":"https:\/\/www.vbdivulg.com\/?post_type=product&#038;p=8495"},"modified":"2023-05-26T11:02:17","modified_gmt":"2023-05-26T14:02:17","slug":"vinho-periquita-tinto-750ml","status":"publish","type":"product","link":"https:\/\/www.vbdivulg.com\/index.php\/produto\/vinho-periquita-tinto-750ml\/","title":{"rendered":"Vinho Periquita Tinto 750Ml"},"content":{"rendered":"","protected":false},"excerpt":{"rendered":"<p><strong>\ud83c\udf77Vinho de Portugal! \ud83d\ude9a Frete Gr\u00e1tis Amazon PRIME \ud83c\udde7\ud83c\uddf7<\/strong><\/p>\n<p><strong>Vinho Periquita Tinto 750Ml<\/strong><\/p>\n<p><strong>\ud83d\udd25 R$ 48,88 \u00e0 vista<\/strong><\/p>\n<p><strong>\ud83d\uddd3 Oferta v\u00e1lida para hoje,26\/05\/2023, podendo encerrar a qualquer momento!!!<\/strong><\/p>\n<p><strong>\u2712\ufe0f Seja prime, primeiro m\u00eas \u00e9 gr\u00e1tis e pode cancelar quando quiser (inclusive no primeiro m\u00eas): <a href=\"https:\/\/amzn.to\/3xyV8G9\">https:\/\/amzn.to\/3xyV8G9<\/a><\/strong><\/p>\n","protected":false},"featured_media":8496,"comment_status":"open","ping_status":"closed","template":"","meta":[],"class_list":{"0":"post-8495","1":"product","2":"type-product","3":"status-publish","4":"has-post-thumbnail","6":"product_cat-bebidas-alcoolicas","8":"first","9":"instock","10":"sale","11":"shipping-taxable","12":"product-type-external"},"_links":{"self":[{"href":"https:\/\/www.vbdivulg.com\/index.php\/wp-json\/wp\/v2\/product\/8495","targetHints":{"allow":["GET"]}}],"collection":[{"href":"https:\/\/www.vbdivulg.com\/index.php\/wp-json\/wp\/v2\/product"}],"about":[{"href":"https:\/\/www.vbdivulg.com\/index.php\/wp-json\/wp\/v2\/types\/product"}],"replies":[{"embeddable":true,"href":"https:\/\/www.vbdivulg.com\/index.php\/wp-json\/wp\/v2\/comments?post=8495"}],"wp:featuredmedia":[{"embeddable":true,"href":"https:\/\/www.vbdivulg.com\/index.php\/wp-json\/wp\/v2\/media\/8496"}],"wp:attachment":[{"href":"https:\/\/www.vbdivulg.com\/index.php\/wp-json\/wp\/v2\/media?parent=8495"}],"curies":[{"name":"wp","href":"https:\/\/api.w.org\/{rel}","templated":true}]}}