{"id":8497,"date":"2023-05-26T11:06:37","date_gmt":"2023-05-26T14:06:37","guid":{"rendered":"https:\/\/www.vbdivulg.com\/?post_type=product&#038;p=8497"},"modified":"2023-05-26T11:07:56","modified_gmt":"2023-05-26T14:07:56","slug":"oferta-em-sutias-e-tops-lupo-trifil-plie-demillus-e-outras-marcas","status":"publish","type":"product","link":"https:\/\/www.vbdivulg.com\/index.php\/produto\/oferta-em-sutias-e-tops-lupo-trifil-plie-demillus-e-outras-marcas\/","title":{"rendered":"Oferta em Suti\u00e3s e Tops Lupo, Trifil, Plie, DeMillus e outras marcas"},"content":{"rendered":"","protected":false},"excerpt":{"rendered":"<p><strong>Oferta em Suti\u00e3s e Tops Lupo, Trifil, Plie, DeMillus e outras marcas<\/strong><\/p>\n<p><strong>\ud83d\udd25 A partir: R$ 24,90 \u00e0 vista<\/strong><\/p>\n<p><strong>\u26a0\ufe0f Oferta v\u00e1lida para hoje, 26\/05\/2023, podendo encerrar a qualquer momento!!!<\/strong><\/p>\n<p><strong>\u2712\ufe0f Seja prime, primeiro m\u00eas \u00e9 gr\u00e1tis e pode cancelar quando quiser (inclusive no primeiro m\u00eas): <a href=\"https:\/\/amzn.to\/3xyV8G9\">https:\/\/amzn.to\/3xyV8G9<\/a><\/strong><\/p>\n","protected":false},"featured_media":8498,"comment_status":"open","ping_status":"closed","template":"","meta":[],"class_list":{"0":"post-8497","1":"product","2":"type-product","3":"status-publish","4":"has-post-thumbnail","6":"product_cat-moda-intima-feminina","8":"first","9":"instock","10":"sale","11":"shipping-taxable","12":"product-type-external"},"_links":{"self":[{"href":"https:\/\/www.vbdivulg.com\/index.php\/wp-json\/wp\/v2\/product\/8497","targetHints":{"allow":["GET"]}}],"collection":[{"href":"https:\/\/www.vbdivulg.com\/index.php\/wp-json\/wp\/v2\/product"}],"about":[{"href":"https:\/\/www.vbdivulg.com\/index.php\/wp-json\/wp\/v2\/types\/product"}],"replies":[{"embeddable":true,"href":"https:\/\/www.vbdivulg.com\/index.php\/wp-json\/wp\/v2\/comments?post=8497"}],"wp:featuredmedia":[{"embeddable":true,"href":"https:\/\/www.vbdivulg.com\/index.php\/wp-json\/wp\/v2\/media\/8498"}],"wp:attachment":[{"href":"https:\/\/www.vbdivulg.com\/index.php\/wp-json\/wp\/v2\/media?parent=8497"}],"curies":[{"name":"wp","href":"https:\/\/api.w.org\/{rel}","templated":true}]}}