{"id":8514,"date":"2023-05-29T10:08:44","date_gmt":"2023-05-29T13:08:44","guid":{"rendered":"https:\/\/www.vbdivulg.com\/?post_type=product&#038;p=8514"},"modified":"2023-05-29T10:09:57","modified_gmt":"2023-05-29T13:09:57","slug":"apple-iphone-14-pro-256-gb","status":"publish","type":"product","link":"https:\/\/www.vbdivulg.com\/index.php\/produto\/apple-iphone-14-pro-256-gb\/","title":{"rendered":"Apple iPhone 14 Pro (256 GB)"},"content":{"rendered":"","protected":false},"excerpt":{"rendered":"<p><strong>\u26a0\ufe0f *O DESCONTO aparece na finaliza\u00e7\u00e3o do pedido*\u203c\ufe0f<\/strong><\/p>\n<p><strong>Vers\u00e3o PRO 256GB\u2757\ufe0f<\/strong><\/p>\n<p><strong>Apple iPhone 14 Pro (256 GB)<\/strong><\/p>\n<p><strong>\ud83d\udd25 Por: R$ 7.699,00 em at\u00e9 10x<\/strong><\/p>\n<p><strong>\u26a0\ufe0fOferta v\u00e1lida para hoje, 29\/05\/2023, podendo encerrar a qualquer momento!!!<\/strong><\/p>\n<p><strong>\u2712\ufe0f Seja prime, primeiro m\u00eas \u00e9 gr\u00e1tis e pode cancelar quando quiser (inclusive no primeiro m\u00eas): <a href=\"https:\/\/amzn.to\/3xyV8G9\">https:\/\/amzn.to\/3xyV8G9<\/a><\/strong><\/p>\n","protected":false},"featured_media":8515,"comment_status":"open","ping_status":"closed","template":"","meta":[],"class_list":{"0":"post-8514","1":"product","2":"type-product","3":"status-publish","4":"has-post-thumbnail","6":"product_cat-smartphones","8":"first","9":"instock","10":"sale","11":"shipping-taxable","12":"product-type-external"},"_links":{"self":[{"href":"https:\/\/www.vbdivulg.com\/index.php\/wp-json\/wp\/v2\/product\/8514","targetHints":{"allow":["GET"]}}],"collection":[{"href":"https:\/\/www.vbdivulg.com\/index.php\/wp-json\/wp\/v2\/product"}],"about":[{"href":"https:\/\/www.vbdivulg.com\/index.php\/wp-json\/wp\/v2\/types\/product"}],"replies":[{"embeddable":true,"href":"https:\/\/www.vbdivulg.com\/index.php\/wp-json\/wp\/v2\/comments?post=8514"}],"wp:featuredmedia":[{"embeddable":true,"href":"https:\/\/www.vbdivulg.com\/index.php\/wp-json\/wp\/v2\/media\/8515"}],"wp:attachment":[{"href":"https:\/\/www.vbdivulg.com\/index.php\/wp-json\/wp\/v2\/media?parent=8514"}],"curies":[{"name":"wp","href":"https:\/\/api.w.org\/{rel}","templated":true}]}}