{"id":8527,"date":"2023-05-30T09:27:57","date_gmt":"2023-05-30T12:27:57","guid":{"rendered":"https:\/\/www.vbdivulg.com\/?post_type=product&#038;p=8527"},"modified":"2023-05-30T09:27:57","modified_gmt":"2023-05-30T12:27:57","slug":"apple-iphone-14-plus-128-gb-product-red-2","status":"publish","type":"product","link":"https:\/\/www.vbdivulg.com\/index.php\/produto\/apple-iphone-14-plus-128-gb-product-red-2\/","title":{"rendered":"Apple iPhone 14 Plus (128 GB) \u2013 (PRODUCT) RED"},"content":{"rendered":"","protected":false},"excerpt":{"rendered":"<p><strong>Esse \u00e9 o PLUS! Boa oportunidade parcelado \ud83d\udcb3<\/strong><\/p>\n<p><strong>Apple iPhone 14 Plus (128 GB) \u2013 (PRODUCT) RED<\/strong><\/p>\n<p><strong>\ud83d\udd25R$ 5.984,05 parcelado<\/strong><\/p>\n<p><strong>\u26a0\ufe0fOferta v\u00e1lida para hoje, 30\/05\/2023, podendo encerrar a qualquer momento!!!<\/strong><\/p>\n<p><strong>\u2712\ufe0f Seja prime, primeiro m\u00eas \u00e9 gr\u00e1tis e pode cancelar quando quiser (inclusive no primeiro m\u00eas): <a href=\"https:\/\/amzn.to\/3xyV8G9\">https:\/\/amzn.to\/3xyV8G9<\/a><\/strong><\/p>\n","protected":false},"featured_media":8528,"comment_status":"open","ping_status":"closed","template":"","meta":[],"class_list":{"0":"post-8527","1":"product","2":"type-product","3":"status-publish","4":"has-post-thumbnail","6":"product_cat-smartphones","8":"first","9":"instock","10":"sale","11":"shipping-taxable","12":"product-type-external"},"_links":{"self":[{"href":"https:\/\/www.vbdivulg.com\/index.php\/wp-json\/wp\/v2\/product\/8527","targetHints":{"allow":["GET"]}}],"collection":[{"href":"https:\/\/www.vbdivulg.com\/index.php\/wp-json\/wp\/v2\/product"}],"about":[{"href":"https:\/\/www.vbdivulg.com\/index.php\/wp-json\/wp\/v2\/types\/product"}],"replies":[{"embeddable":true,"href":"https:\/\/www.vbdivulg.com\/index.php\/wp-json\/wp\/v2\/comments?post=8527"}],"wp:featuredmedia":[{"embeddable":true,"href":"https:\/\/www.vbdivulg.com\/index.php\/wp-json\/wp\/v2\/media\/8528"}],"wp:attachment":[{"href":"https:\/\/www.vbdivulg.com\/index.php\/wp-json\/wp\/v2\/media?parent=8527"}],"curies":[{"name":"wp","href":"https:\/\/api.w.org\/{rel}","templated":true}]}}