{"id":8537,"date":"2023-05-30T11:39:51","date_gmt":"2023-05-30T14:39:51","guid":{"rendered":"https:\/\/www.vbdivulg.com\/?post_type=product&#038;p=8537"},"modified":"2023-05-30T11:39:51","modified_gmt":"2023-05-30T14:39:51","slug":"carga-para-aparelho-de-barbear-gillette-mach3-leve-8-pague-6","status":"publish","type":"product","link":"https:\/\/www.vbdivulg.com\/index.php\/produto\/carga-para-aparelho-de-barbear-gillette-mach3-leve-8-pague-6\/","title":{"rendered":"Carga para Aparelho de Barbear Gillette Mach3 &#8211; Leve 8 Pague 6"},"content":{"rendered":"","protected":false},"excerpt":{"rendered":"<p><strong>S\u00e3o 8 cargas \ud83e\ude92<\/strong><\/p>\n<p><strong>Carga para Aparelho de Barbear Gillette Mach3 &#8211; Leve 8 Pague 6<\/strong><\/p>\n<p><strong>\ud83d\udd25 Por: R$ 47,90 \u00e0 vista<\/strong><\/p>\n<p><strong>\u26a0\ufe0fOferta v\u00e1lida para hoje, 30\/05\/2023, podendo encerrar a qualquer momento!!!<\/strong><\/p>\n<p><strong>\u2712\ufe0f Seja prime, primeiro m\u00eas \u00e9 gr\u00e1tis e pode cancelar quando quiser (inclusive no primeiro m\u00eas):<a href=\"https:\/\/amzn.to\/3xyV8G9\"> https:\/\/amzn.to\/3xyV8G9<\/a><\/strong><\/p>\n","protected":false},"featured_media":8538,"comment_status":"open","ping_status":"closed","template":"","meta":[],"class_list":{"0":"post-8537","1":"product","2":"type-product","3":"status-publish","4":"has-post-thumbnail","6":"product_cat-beleza","8":"first","9":"instock","10":"sale","11":"shipping-taxable","12":"product-type-external"},"_links":{"self":[{"href":"https:\/\/www.vbdivulg.com\/index.php\/wp-json\/wp\/v2\/product\/8537","targetHints":{"allow":["GET"]}}],"collection":[{"href":"https:\/\/www.vbdivulg.com\/index.php\/wp-json\/wp\/v2\/product"}],"about":[{"href":"https:\/\/www.vbdivulg.com\/index.php\/wp-json\/wp\/v2\/types\/product"}],"replies":[{"embeddable":true,"href":"https:\/\/www.vbdivulg.com\/index.php\/wp-json\/wp\/v2\/comments?post=8537"}],"wp:featuredmedia":[{"embeddable":true,"href":"https:\/\/www.vbdivulg.com\/index.php\/wp-json\/wp\/v2\/media\/8538"}],"wp:attachment":[{"href":"https:\/\/www.vbdivulg.com\/index.php\/wp-json\/wp\/v2\/media?parent=8537"}],"curies":[{"name":"wp","href":"https:\/\/api.w.org\/{rel}","templated":true}]}}