{"id":8539,"date":"2023-05-30T11:42:50","date_gmt":"2023-05-30T14:42:50","guid":{"rendered":"https:\/\/www.vbdivulg.com\/?post_type=product&#038;p=8539"},"modified":"2023-05-30T11:42:50","modified_gmt":"2023-05-30T14:42:50","slug":"porta-temperos-condimentos-redondo-inox-20-potes-inox","status":"publish","type":"product","link":"https:\/\/www.vbdivulg.com\/index.php\/produto\/porta-temperos-condimentos-redondo-inox-20-potes-inox\/","title":{"rendered":"Porta Temperos Condimentos Redondo Inox 20 Potes (inox)"},"content":{"rendered":"","protected":false},"excerpt":{"rendered":"<p><strong>Porta Temperos Condimentos Redondo Inox 20 Potes (inox)<\/strong><\/p>\n<p><strong>\ud83d\udd25 Por: R$ 110,00 parcelado<\/strong><\/p>\n<p><strong>\ud83d\uddd3 Oferta v\u00e1lida para hoje, 30\/05\/2023, podendo encerrar a qualquer momento!!!<\/strong><\/p>\n<p><strong>\u26a0\ufe0fOfertas sujeitas a altera\u00e7\u00e3o de pre\u00e7o, condi\u00e7\u00f5es de pagamento e disponibilidade, sem aviso pr\u00e9vio.<\/strong><\/p>\n<p><strong>\u2712\ufe0f Seja prime, primeiro m\u00eas \u00e9 gr\u00e1tis e pode cancelar quando quiser (inclusive no primeiro m\u00eas): <a href=\"https:\/\/amzn.to\/3xyV8G9\">https:\/\/amzn.to\/3xyV8G9<\/a><\/strong><\/p>\n","protected":false},"featured_media":8540,"comment_status":"open","ping_status":"closed","template":"","meta":[],"class_list":{"0":"post-8539","1":"product","2":"type-product","3":"status-publish","4":"has-post-thumbnail","6":"product_cat-utilidades-domesticas","8":"first","9":"instock","10":"sale","11":"shipping-taxable","12":"product-type-external"},"_links":{"self":[{"href":"https:\/\/www.vbdivulg.com\/index.php\/wp-json\/wp\/v2\/product\/8539","targetHints":{"allow":["GET"]}}],"collection":[{"href":"https:\/\/www.vbdivulg.com\/index.php\/wp-json\/wp\/v2\/product"}],"about":[{"href":"https:\/\/www.vbdivulg.com\/index.php\/wp-json\/wp\/v2\/types\/product"}],"replies":[{"embeddable":true,"href":"https:\/\/www.vbdivulg.com\/index.php\/wp-json\/wp\/v2\/comments?post=8539"}],"wp:featuredmedia":[{"embeddable":true,"href":"https:\/\/www.vbdivulg.com\/index.php\/wp-json\/wp\/v2\/media\/8540"}],"wp:attachment":[{"href":"https:\/\/www.vbdivulg.com\/index.php\/wp-json\/wp\/v2\/media?parent=8539"}],"curies":[{"name":"wp","href":"https:\/\/api.w.org\/{rel}","templated":true}]}}