{"id":8541,"date":"2023-05-30T11:44:17","date_gmt":"2023-05-30T14:44:17","guid":{"rendered":"https:\/\/www.vbdivulg.com\/?post_type=product&#038;p=8541"},"modified":"2023-05-30T11:44:17","modified_gmt":"2023-05-30T14:44:17","slug":"kit-queridinhos-maybelline-ny-batom-liquido-matte-ink-65-seductress-mascara-de-cilios-colossal-lavavel-corretivo-eraser-130-medium","status":"publish","type":"product","link":"https:\/\/www.vbdivulg.com\/index.php\/produto\/kit-queridinhos-maybelline-ny-batom-liquido-matte-ink-65-seductress-mascara-de-cilios-colossal-lavavel-corretivo-eraser-130-medium\/","title":{"rendered":"Kit Queridinhos Maybelline NY Batom L\u00edquido Matte ink 65 Seductress + M\u00e1scara de C\u00edlios Colossal Lav\u00e1vel + Corretivo Eraser 130 Medium"},"content":{"rendered":"","protected":false},"excerpt":{"rendered":"<p><strong>Kit Queridinhos Maybelline NY Batom L\u00edquido Matte ink 65 Seductress + M\u00e1scara de C\u00edlios Colossal Lav\u00e1vel + Corretivo Eraser 130 Medium<\/strong><\/p>\n<p><strong>\ud83d\udd25 Por: R$ 129,90 em at\u00e9 2x<\/strong><br \/>\n<strong>\ud83d\udd25 Por: R$ 116,91 Comprando na op\u00e7\u00e3o recorr\u00eancia<\/strong><\/p>\n<p><strong>\u26a0\ufe0fOferta v\u00e1lida para hoje, 30\/05\/2023, podendo encerrar a qualquer momento!!!<\/strong><\/p>\n","protected":false},"featured_media":8542,"comment_status":"open","ping_status":"closed","template":"","meta":[],"class_list":{"0":"post-8541","1":"product","2":"type-product","3":"status-publish","4":"has-post-thumbnail","6":"product_cat-beleza","8":"first","9":"instock","10":"sale","11":"shipping-taxable","12":"product-type-external"},"_links":{"self":[{"href":"https:\/\/www.vbdivulg.com\/index.php\/wp-json\/wp\/v2\/product\/8541","targetHints":{"allow":["GET"]}}],"collection":[{"href":"https:\/\/www.vbdivulg.com\/index.php\/wp-json\/wp\/v2\/product"}],"about":[{"href":"https:\/\/www.vbdivulg.com\/index.php\/wp-json\/wp\/v2\/types\/product"}],"replies":[{"embeddable":true,"href":"https:\/\/www.vbdivulg.com\/index.php\/wp-json\/wp\/v2\/comments?post=8541"}],"wp:featuredmedia":[{"embeddable":true,"href":"https:\/\/www.vbdivulg.com\/index.php\/wp-json\/wp\/v2\/media\/8542"}],"wp:attachment":[{"href":"https:\/\/www.vbdivulg.com\/index.php\/wp-json\/wp\/v2\/media?parent=8541"}],"curies":[{"name":"wp","href":"https:\/\/api.w.org\/{rel}","templated":true}]}}