{"id":8543,"date":"2023-05-30T11:46:16","date_gmt":"2023-05-30T14:46:16","guid":{"rendered":"https:\/\/www.vbdivulg.com\/?post_type=product&#038;p=8543"},"modified":"2023-05-30T11:46:16","modified_gmt":"2023-05-30T14:46:16","slug":"mochila-targus-15-6-intellect-essentials-para-notebook-tsb966gl-preto","status":"publish","type":"product","link":"https:\/\/www.vbdivulg.com\/index.php\/produto\/mochila-targus-15-6-intellect-essentials-para-notebook-tsb966gl-preto\/","title":{"rendered":"Mochila Targus 15.6&#8243; Intellect Essentials para notebook &#8211; TSB966GL, Preto"},"content":{"rendered":"","protected":false},"excerpt":{"rendered":"<p><strong>Mochila Targus 15.6&#8243; Intellect Essentials para notebook &#8211; TSB966GL, Preto<\/strong><\/p>\n<p><strong>\ud83d\udd25 Por: R$ 119,59 em at\u00e9 2x<\/strong><\/p>\n<p><strong>\ud83d\uddd3 Oferta v\u00e1lida para hoje, 30\/05\/2023, podendo encerrar a qualquer momento!!!<\/strong><\/p>\n<p><strong>\u26a0\ufe0f*Quem n\u00e3o estiver conseguindo acessar os links, basta adicionar nosso n\u00famero nos contatos que normaliza.*<\/strong><\/p>\n<p><strong>\u2712\ufe0f Seja prime, primeiro m\u00eas \u00e9 gr\u00e1tis e pode cancelar quando quiser (inclusive no primeiro m\u00eas): <a href=\"https:\/\/amzn.to\/3xyV8G9\">https:\/\/amzn.to\/3xyV8G9<\/a><\/strong><\/p>\n","protected":false},"featured_media":8544,"comment_status":"open","ping_status":"closed","template":"","meta":[],"class_list":{"0":"post-8543","1":"product","2":"type-product","3":"status-publish","4":"has-post-thumbnail","6":"product_cat-informatica","8":"first","9":"instock","10":"sale","11":"shipping-taxable","12":"product-type-external"},"_links":{"self":[{"href":"https:\/\/www.vbdivulg.com\/index.php\/wp-json\/wp\/v2\/product\/8543","targetHints":{"allow":["GET"]}}],"collection":[{"href":"https:\/\/www.vbdivulg.com\/index.php\/wp-json\/wp\/v2\/product"}],"about":[{"href":"https:\/\/www.vbdivulg.com\/index.php\/wp-json\/wp\/v2\/types\/product"}],"replies":[{"embeddable":true,"href":"https:\/\/www.vbdivulg.com\/index.php\/wp-json\/wp\/v2\/comments?post=8543"}],"wp:featuredmedia":[{"embeddable":true,"href":"https:\/\/www.vbdivulg.com\/index.php\/wp-json\/wp\/v2\/media\/8544"}],"wp:attachment":[{"href":"https:\/\/www.vbdivulg.com\/index.php\/wp-json\/wp\/v2\/media?parent=8543"}],"curies":[{"name":"wp","href":"https:\/\/api.w.org\/{rel}","templated":true}]}}