{"id":8545,"date":"2023-05-30T11:48:09","date_gmt":"2023-05-30T14:48:09","guid":{"rendered":"https:\/\/www.vbdivulg.com\/?post_type=product&#038;p=8545"},"modified":"2023-05-30T11:48:09","modified_gmt":"2023-05-30T14:48:09","slug":"maquina-de-costura-pfaff-passport-3-0-eletronica-bivolt","status":"publish","type":"product","link":"https:\/\/www.vbdivulg.com\/index.php\/produto\/maquina-de-costura-pfaff-passport-3-0-eletronica-bivolt\/","title":{"rendered":"M\u00e1quina de Costura Pfaff, Passport 3.0, Eletr\u00f4nica, Bivolt"},"content":{"rendered":"","protected":false},"excerpt":{"rendered":"<p><strong>PRE\u00c7\u00c3O\u203c\ufe0f Acima de R$ 2000 em outros sites \ud83d\ude32<\/strong><\/p>\n<p><strong>M\u00e1quina de Costura Pfaff, Passport 3.0, Eletr\u00f4nica, Bivolt<\/strong><\/p>\n<p><strong>\ud83d\udd25 R$ 1.700,00 em at\u00e9 10x<\/strong><\/p>\n<p><strong>\u26a0\ufe0fOferta v\u00e1lida para hoje, 30\/05\/2023, podendo encerrar a qualquer momento!!!<\/strong><\/p>\n<p><strong>\u2712\ufe0f Seja prime, primeiro m\u00eas \u00e9 gr\u00e1tis e pode cancelar quando quiser (inclusive no primeiro m\u00eas):<a href=\"https:\/\/amzn.to\/3xyV8G9\"> https:\/\/amzn.to\/3xyV8G9<\/a><\/strong><\/p>\n","protected":false},"featured_media":8546,"comment_status":"open","ping_status":"closed","template":"","meta":[],"class_list":{"0":"post-8545","1":"product","2":"type-product","3":"status-publish","4":"has-post-thumbnail","6":"product_cat-eletroportateis","8":"first","9":"instock","10":"sale","11":"shipping-taxable","12":"product-type-external"},"_links":{"self":[{"href":"https:\/\/www.vbdivulg.com\/index.php\/wp-json\/wp\/v2\/product\/8545","targetHints":{"allow":["GET"]}}],"collection":[{"href":"https:\/\/www.vbdivulg.com\/index.php\/wp-json\/wp\/v2\/product"}],"about":[{"href":"https:\/\/www.vbdivulg.com\/index.php\/wp-json\/wp\/v2\/types\/product"}],"replies":[{"embeddable":true,"href":"https:\/\/www.vbdivulg.com\/index.php\/wp-json\/wp\/v2\/comments?post=8545"}],"wp:featuredmedia":[{"embeddable":true,"href":"https:\/\/www.vbdivulg.com\/index.php\/wp-json\/wp\/v2\/media\/8546"}],"wp:attachment":[{"href":"https:\/\/www.vbdivulg.com\/index.php\/wp-json\/wp\/v2\/media?parent=8545"}],"curies":[{"name":"wp","href":"https:\/\/api.w.org\/{rel}","templated":true}]}}