{"id":8547,"date":"2023-05-30T11:50:35","date_gmt":"2023-05-30T14:50:35","guid":{"rendered":"https:\/\/www.vbdivulg.com\/?post_type=product&#038;p=8547"},"modified":"2023-05-30T11:50:35","modified_gmt":"2023-05-30T14:50:35","slug":"fone-de-ouvido-bluetooth-sem-fio-tws-air-studio-go-i2go-pro","status":"publish","type":"product","link":"https:\/\/www.vbdivulg.com\/index.php\/produto\/fone-de-ouvido-bluetooth-sem-fio-tws-air-studio-go-i2go-pro\/","title":{"rendered":"Fone de Ouvido Bluetooth Sem Fio TWS Air Studio Go &#8211; i2GO Pro"},"content":{"rendered":"","protected":false},"excerpt":{"rendered":"<p><strong>Fone de Ouvido Bluetooth Sem Fio TWS Air Studio Go &#8211; i2GO Pro<\/strong><\/p>\n<p><strong>\ud83d\udd25 Por: R$ 139,90 em at\u00e9 2x<\/strong><\/p>\n<p><strong>\ud83d\uddd3 Oferta v\u00e1lida para hoje, 30\/05\/2023, podendo encerrar a qualquer momento!!!<\/strong><\/p>\n<p><strong>\u26a0\ufe0f*Quem n\u00e3o estiver conseguindo acessar os links, basta adicionar nosso n\u00famero nos contatos que normaliza.*<\/strong><\/p>\n<p><strong>\u2712\ufe0f Seja prime, primeiro m\u00eas \u00e9 gr\u00e1tis e pode cancelar quando quiser (inclusive no primeiro m\u00eas): <a href=\"https:\/\/amzn.to\/3xyV8G9\">https:\/\/amzn.to\/3xyV8G9<\/a><\/strong><\/p>\n","protected":false},"featured_media":8548,"comment_status":"open","ping_status":"closed","template":"","meta":[],"class_list":{"0":"post-8547","1":"product","2":"type-product","3":"status-publish","4":"has-post-thumbnail","6":"product_cat-eletronicas-e-tecnologia","8":"first","9":"instock","10":"sale","11":"shipping-taxable","12":"product-type-external"},"_links":{"self":[{"href":"https:\/\/www.vbdivulg.com\/index.php\/wp-json\/wp\/v2\/product\/8547","targetHints":{"allow":["GET"]}}],"collection":[{"href":"https:\/\/www.vbdivulg.com\/index.php\/wp-json\/wp\/v2\/product"}],"about":[{"href":"https:\/\/www.vbdivulg.com\/index.php\/wp-json\/wp\/v2\/types\/product"}],"replies":[{"embeddable":true,"href":"https:\/\/www.vbdivulg.com\/index.php\/wp-json\/wp\/v2\/comments?post=8547"}],"wp:featuredmedia":[{"embeddable":true,"href":"https:\/\/www.vbdivulg.com\/index.php\/wp-json\/wp\/v2\/media\/8548"}],"wp:attachment":[{"href":"https:\/\/www.vbdivulg.com\/index.php\/wp-json\/wp\/v2\/media?parent=8547"}],"curies":[{"name":"wp","href":"https:\/\/api.w.org\/{rel}","templated":true}]}}