{"id":8549,"date":"2023-05-30T11:53:03","date_gmt":"2023-05-30T14:53:03","guid":{"rendered":"https:\/\/www.vbdivulg.com\/?post_type=product&#038;p=8549"},"modified":"2023-05-30T11:53:03","modified_gmt":"2023-05-30T14:53:03","slug":"azeite-vidro-extra-virgem-500ml-andorinha","status":"publish","type":"product","link":"https:\/\/www.vbdivulg.com\/index.php\/produto\/azeite-vidro-extra-virgem-500ml-andorinha\/","title":{"rendered":"Azeite vidro &#8211; Extra virgem 500ml &#8211; Andorinha"},"content":{"rendered":"","protected":false},"excerpt":{"rendered":"<p><strong>\ud83e\uded2 Excelente azeite\u2757\ufe0f<\/strong><\/p>\n<p><strong>Azeite vidro &#8211; Extra virgem 500ml &#8211; Andorinha<\/strong><\/p>\n<p><strong>\ud83d\udd25 Por: R$ 23,49 \u00e0 vista<\/strong><\/p>\n<p><strong>\u26a0\ufe0fOferta v\u00e1lida para hoje, 30\/05\/2023, podendo encerrar a qualquer momento!!!<\/strong><\/p>\n<p><strong>\u2712\ufe0f Seja prime, primeiro m\u00eas \u00e9 gr\u00e1tis e pode cancelar quando quiser (inclusive no primeiro m\u00eas): <a href=\"https:\/\/amzn.to\/3xyV8G9\">https:\/\/amzn.to\/3xyV8G9<\/a><\/strong><\/p>\n","protected":false},"featured_media":8550,"comment_status":"open","ping_status":"closed","template":"","meta":[],"class_list":{"0":"post-8549","1":"product","2":"type-product","3":"status-publish","4":"has-post-thumbnail","6":"product_cat-mercado","8":"first","9":"instock","10":"sale","11":"shipping-taxable","12":"product-type-external"},"_links":{"self":[{"href":"https:\/\/www.vbdivulg.com\/index.php\/wp-json\/wp\/v2\/product\/8549","targetHints":{"allow":["GET"]}}],"collection":[{"href":"https:\/\/www.vbdivulg.com\/index.php\/wp-json\/wp\/v2\/product"}],"about":[{"href":"https:\/\/www.vbdivulg.com\/index.php\/wp-json\/wp\/v2\/types\/product"}],"replies":[{"embeddable":true,"href":"https:\/\/www.vbdivulg.com\/index.php\/wp-json\/wp\/v2\/comments?post=8549"}],"wp:featuredmedia":[{"embeddable":true,"href":"https:\/\/www.vbdivulg.com\/index.php\/wp-json\/wp\/v2\/media\/8550"}],"wp:attachment":[{"href":"https:\/\/www.vbdivulg.com\/index.php\/wp-json\/wp\/v2\/media?parent=8549"}],"curies":[{"name":"wp","href":"https:\/\/api.w.org\/{rel}","templated":true}]}}