{"id":8557,"date":"2023-06-01T08:34:39","date_gmt":"2023-06-01T11:34:39","guid":{"rendered":"https:\/\/www.vbdivulg.com\/?post_type=product&#038;p=8557"},"modified":"2023-06-01T08:34:40","modified_gmt":"2023-06-01T11:34:40","slug":"epson-impressora-ecotank-l1250-tanque-de-tinta-colorida-wi-fi-direct-comando-de-voz-bivolt-cor-preto","status":"publish","type":"product","link":"https:\/\/www.vbdivulg.com\/index.php\/produto\/epson-impressora-ecotank-l1250-tanque-de-tinta-colorida-wi-fi-direct-comando-de-voz-bivolt-cor-preto\/","title":{"rendered":"EPSON Impressora EcoTank L1250 &#8211; Tanque de Tinta Colorida, Wi-Fi Direct, Comando de voz, Bivolt, Cor: Preto"},"content":{"rendered":"","protected":false},"excerpt":{"rendered":"<p><strong>PRE\u00c7\u00c3O\ud83d\ude31 Epson Tanque de TINTA com Wifi\u203c\ufe0f<\/strong><\/p>\n<p><strong>EPSON Impressora EcoTank L1250 &#8211; Tanque de Tinta Colorida, Wi-Fi Direct, Comando de voz, Bivolt, Cor: Preto<\/strong><\/p>\n<p><strong>\ud83d\udd25R$ 768,00 no Pix ou Boleto<\/strong><\/p>\n<p><strong>\ud83d\uddd3 Oferta v\u00e1lida para hoje, 01\/06\/2023, podendo encerrar a qualquer momento!!!<\/strong><\/p>\n<p><strong>\u26a0\ufe0f*Ofertas sujeitas a altera\u00e7\u00e3o de pre\u00e7o, condi\u00e7\u00f5es de pagamento e disponibilidade, sem aviso pr\u00e9vio.*<\/strong><\/p>\n","protected":false},"featured_media":8558,"comment_status":"open","ping_status":"closed","template":"","meta":[],"class_list":{"0":"post-8557","1":"product","2":"type-product","3":"status-publish","4":"has-post-thumbnail","6":"product_cat-informatica","8":"first","9":"instock","10":"sale","11":"shipping-taxable","12":"product-type-external"},"_links":{"self":[{"href":"https:\/\/www.vbdivulg.com\/index.php\/wp-json\/wp\/v2\/product\/8557","targetHints":{"allow":["GET"]}}],"collection":[{"href":"https:\/\/www.vbdivulg.com\/index.php\/wp-json\/wp\/v2\/product"}],"about":[{"href":"https:\/\/www.vbdivulg.com\/index.php\/wp-json\/wp\/v2\/types\/product"}],"replies":[{"embeddable":true,"href":"https:\/\/www.vbdivulg.com\/index.php\/wp-json\/wp\/v2\/comments?post=8557"}],"wp:featuredmedia":[{"embeddable":true,"href":"https:\/\/www.vbdivulg.com\/index.php\/wp-json\/wp\/v2\/media\/8558"}],"wp:attachment":[{"href":"https:\/\/www.vbdivulg.com\/index.php\/wp-json\/wp\/v2\/media?parent=8557"}],"curies":[{"name":"wp","href":"https:\/\/api.w.org\/{rel}","templated":true}]}}