{"id":8561,"date":"2023-06-01T08:38:16","date_gmt":"2023-06-01T11:38:16","guid":{"rendered":"https:\/\/www.vbdivulg.com\/?post_type=product&#038;p=8561"},"modified":"2023-06-01T08:38:16","modified_gmt":"2023-06-01T11:38:16","slug":"conjunto-de-travessas-refratarias-marinex-em-vidro-10-pecas","status":"publish","type":"product","link":"https:\/\/www.vbdivulg.com\/index.php\/produto\/conjunto-de-travessas-refratarias-marinex-em-vidro-10-pecas\/","title":{"rendered":"Conjunto de Travessas Refrat\u00e1rias Marinex em Vidro &#8211; 10 Pe\u00e7as"},"content":{"rendered":"","protected":false},"excerpt":{"rendered":"<p><strong>VOLTOU, qualidade Marinex \u2764\ufe0f<\/strong><\/p>\n<p><strong>Conjunto de Travessas Refrat\u00e1rias Marinex em Vidro &#8211; 10 Pe\u00e7as<\/strong><\/p>\n<p><strong>\ud83d\udd25R$ 109,99 em at\u00e9 2x<\/strong><\/p>\n<p><strong>\u26a0\ufe0fOferta v\u00e1lida para hoje, 01\/06\/2023, podendo encerrar a qualquer momento!!!<\/strong><\/p>\n<p><strong>\ud83d\ude9b *Retire na loja e N\u00c3O pague o frete (Consulte disponibilidade para seu cep) op\u00e7\u00e3o na tela de pagamento!!!*<\/strong><\/p>\n","protected":false},"featured_media":8562,"comment_status":"open","ping_status":"closed","template":"","meta":[],"class_list":{"0":"post-8561","1":"product","2":"type-product","3":"status-publish","4":"has-post-thumbnail","6":"product_cat-utilidades-domesticas","8":"first","9":"instock","10":"sale","11":"shipping-taxable","12":"product-type-external"},"_links":{"self":[{"href":"https:\/\/www.vbdivulg.com\/index.php\/wp-json\/wp\/v2\/product\/8561","targetHints":{"allow":["GET"]}}],"collection":[{"href":"https:\/\/www.vbdivulg.com\/index.php\/wp-json\/wp\/v2\/product"}],"about":[{"href":"https:\/\/www.vbdivulg.com\/index.php\/wp-json\/wp\/v2\/types\/product"}],"replies":[{"embeddable":true,"href":"https:\/\/www.vbdivulg.com\/index.php\/wp-json\/wp\/v2\/comments?post=8561"}],"wp:featuredmedia":[{"embeddable":true,"href":"https:\/\/www.vbdivulg.com\/index.php\/wp-json\/wp\/v2\/media\/8562"}],"wp:attachment":[{"href":"https:\/\/www.vbdivulg.com\/index.php\/wp-json\/wp\/v2\/media?parent=8561"}],"curies":[{"name":"wp","href":"https:\/\/api.w.org\/{rel}","templated":true}]}}