{"id":8574,"date":"2023-06-01T09:01:42","date_gmt":"2023-06-01T12:01:42","guid":{"rendered":"https:\/\/www.vbdivulg.com\/?post_type=product&#038;p=8574"},"modified":"2023-06-01T09:01:54","modified_gmt":"2023-06-01T12:01:54","slug":"tenis-fila-racer-carbon-marinho-e-limao","status":"publish","type":"product","link":"https:\/\/www.vbdivulg.com\/index.php\/produto\/tenis-fila-racer-carbon-marinho-e-limao\/","title":{"rendered":"T\u00eanis Fila Racer Carbon Marinho e Lim\u00e3o"},"content":{"rendered":"","protected":false},"excerpt":{"rendered":"<p><strong>T\u00eanis Fila Racer Carbon Marinho e Lim\u00e3o<\/strong><\/p>\n<p><strong>\ud83d\udd25R$ 579,52 no pix<\/strong><br \/>\n<strong>\ud83d\udd25R$ 643,91 em 10x<\/strong><\/p>\n<h2><strong>\ud83d\udd16 *Use o cupom:* AWIN8FUT<\/strong><\/h2>\n<p><strong>\u26a0\ufe0fOferta v\u00e1lida para hoje, 31\/05\/2023, podendo encerrar a qualquer momento!!!<\/strong><\/p>\n","protected":false},"featured_media":8575,"comment_status":"open","ping_status":"closed","template":"","meta":[],"class_list":{"0":"post-8574","1":"product","2":"type-product","3":"status-publish","4":"has-post-thumbnail","6":"product_cat-esporte","8":"first","9":"instock","10":"sale","11":"shipping-taxable","12":"product-type-external"},"_links":{"self":[{"href":"https:\/\/www.vbdivulg.com\/index.php\/wp-json\/wp\/v2\/product\/8574","targetHints":{"allow":["GET"]}}],"collection":[{"href":"https:\/\/www.vbdivulg.com\/index.php\/wp-json\/wp\/v2\/product"}],"about":[{"href":"https:\/\/www.vbdivulg.com\/index.php\/wp-json\/wp\/v2\/types\/product"}],"replies":[{"embeddable":true,"href":"https:\/\/www.vbdivulg.com\/index.php\/wp-json\/wp\/v2\/comments?post=8574"}],"wp:featuredmedia":[{"embeddable":true,"href":"https:\/\/www.vbdivulg.com\/index.php\/wp-json\/wp\/v2\/media\/8575"}],"wp:attachment":[{"href":"https:\/\/www.vbdivulg.com\/index.php\/wp-json\/wp\/v2\/media?parent=8574"}],"curies":[{"name":"wp","href":"https:\/\/api.w.org\/{rel}","templated":true}]}}