{"id":8601,"date":"2023-06-12T15:17:18","date_gmt":"2023-06-12T18:17:18","guid":{"rendered":"https:\/\/www.vbdivulg.com\/?post_type=product&#038;p=8601"},"modified":"2023-06-12T15:18:30","modified_gmt":"2023-06-12T18:18:30","slug":"tangle-teezer-escova-de-cabelo-desemabaracadora-the-original-min","status":"publish","type":"product","link":"https:\/\/www.vbdivulg.com\/index.php\/produto\/tangle-teezer-escova-de-cabelo-desemabaracadora-the-original-min\/","title":{"rendered":"Tangle Teezer &#8211; Escova de cabelo desemabara\u00e7adora The Original Min"},"content":{"rendered":"","protected":false},"excerpt":{"rendered":"<p><strong>Tangle Teezer, uma das melhores \ud83d\udc95<\/strong><\/p>\n<p><strong>Tangle Teezer &#8211; Escova de cabelo desemabara\u00e7adora The Original Min<\/strong><\/p>\n<p><strong>\ud83d\udd25R$ 61,60 \u00e0 vista<\/strong><\/p>\n<p><strong>\u26a0\ufe0f Oferta v\u00e1lida para hoje, 12\/06\/2023, podendo encerrar a qualquer momento!!!<\/strong><\/p>\n<p><strong>\u2712\ufe0f Seja prime, primeiro m\u00eas \u00e9 gr\u00e1tis e pode cancelar quando quiser (inclusive no primeiro m\u00eas): <a href=\"https:\/\/amzn.to\/3xyV8G9\">https:\/\/amzn.to\/3xyV8G9<\/a><\/strong><\/p>\n","protected":false},"featured_media":8602,"comment_status":"open","ping_status":"closed","template":"","meta":[],"class_list":{"0":"post-8601","1":"product","2":"type-product","3":"status-publish","4":"has-post-thumbnail","6":"product_cat-beleza","8":"first","9":"instock","10":"sale","11":"shipping-taxable","12":"product-type-external"},"_links":{"self":[{"href":"https:\/\/www.vbdivulg.com\/index.php\/wp-json\/wp\/v2\/product\/8601","targetHints":{"allow":["GET"]}}],"collection":[{"href":"https:\/\/www.vbdivulg.com\/index.php\/wp-json\/wp\/v2\/product"}],"about":[{"href":"https:\/\/www.vbdivulg.com\/index.php\/wp-json\/wp\/v2\/types\/product"}],"replies":[{"embeddable":true,"href":"https:\/\/www.vbdivulg.com\/index.php\/wp-json\/wp\/v2\/comments?post=8601"}],"wp:featuredmedia":[{"embeddable":true,"href":"https:\/\/www.vbdivulg.com\/index.php\/wp-json\/wp\/v2\/media\/8602"}],"wp:attachment":[{"href":"https:\/\/www.vbdivulg.com\/index.php\/wp-json\/wp\/v2\/media?parent=8601"}],"curies":[{"name":"wp","href":"https:\/\/api.w.org\/{rel}","templated":true}]}}