{"id":8607,"date":"2023-06-12T15:26:16","date_gmt":"2023-06-12T18:26:16","guid":{"rendered":"https:\/\/www.vbdivulg.com\/?post_type=product&#038;p=8607"},"modified":"2023-06-12T15:26:36","modified_gmt":"2023-06-12T18:26:36","slug":"wap-robot-w90-aspirador-de-po-robo-automatico-3-em-1-varre-aspira-passa-pano-mop-para-limpeza-30w-bateria-recarregavel-bivolt-preto","status":"publish","type":"product","link":"https:\/\/www.vbdivulg.com\/index.php\/produto\/wap-robot-w90-aspirador-de-po-robo-automatico-3-em-1-varre-aspira-passa-pano-mop-para-limpeza-30w-bateria-recarregavel-bivolt-preto\/","title":{"rendered":"WAP ROBOT W90 &#8211; Aspirador de P\u00f3 Rob\u00f4, Autom\u00e1tico 3 em 1 Varre, Aspira, Passa Pano, MOP para Limpeza, 30W, Bateria Recarreg\u00e1vel, Bivolt, Preto"},"content":{"rendered":"","protected":false},"excerpt":{"rendered":"<p><strong>\ud83e\uddf9\ud83e\udd16 3 em 1\u2757\ufe0f<\/strong><\/p>\n<p><strong>WAP ROBOT W90 &#8211; Aspirador de P\u00f3 Rob\u00f4, Autom\u00e1tico 3 em 1 Varre, Aspira, Passa Pano, MOP para Limpeza, 30W, Bateria Recarreg\u00e1vel, Bivolt, Preto<\/strong><\/p>\n<p><strong>\ud83d\udd25 Por: R$ 366,00 em at\u00e9 7x<\/strong><\/p>\n<p><strong>\u26a0\ufe0fOferta v\u00e1lida para hoje, 12\/06\/2023, podendo encerrar a qualquer momento!!!<\/strong><\/p>\n<p><strong>\u2712\ufe0f Seja prime, primeiro m\u00eas \u00e9 gr\u00e1tis e pode cancelar quando quiser (inclusive no primeiro m\u00eas): <a href=\"https:\/\/amzn.to\/3xyV8G9\">https:\/\/amzn.to\/3xyV8G9<\/a><\/strong><\/p>\n","protected":false},"featured_media":8608,"comment_status":"open","ping_status":"closed","template":"","meta":[],"class_list":{"0":"post-8607","1":"product","2":"type-product","3":"status-publish","4":"has-post-thumbnail","6":"product_cat-eletroportateis","8":"first","9":"instock","10":"sale","11":"shipping-taxable","12":"product-type-external"},"_links":{"self":[{"href":"https:\/\/www.vbdivulg.com\/index.php\/wp-json\/wp\/v2\/product\/8607","targetHints":{"allow":["GET"]}}],"collection":[{"href":"https:\/\/www.vbdivulg.com\/index.php\/wp-json\/wp\/v2\/product"}],"about":[{"href":"https:\/\/www.vbdivulg.com\/index.php\/wp-json\/wp\/v2\/types\/product"}],"replies":[{"embeddable":true,"href":"https:\/\/www.vbdivulg.com\/index.php\/wp-json\/wp\/v2\/comments?post=8607"}],"wp:featuredmedia":[{"embeddable":true,"href":"https:\/\/www.vbdivulg.com\/index.php\/wp-json\/wp\/v2\/media\/8608"}],"wp:attachment":[{"href":"https:\/\/www.vbdivulg.com\/index.php\/wp-json\/wp\/v2\/media?parent=8607"}],"curies":[{"name":"wp","href":"https:\/\/api.w.org\/{rel}","templated":true}]}}