{"id":8617,"date":"2023-06-12T15:37:50","date_gmt":"2023-06-12T18:37:50","guid":{"rendered":"https:\/\/www.vbdivulg.com\/?post_type=product&#038;p=8617"},"modified":"2023-06-12T15:37:50","modified_gmt":"2023-06-12T18:37:50","slug":"purificador-de-agua-electrolux-gelada-fria-e-natural-eletrico-touch-pe11x","status":"publish","type":"product","link":"https:\/\/www.vbdivulg.com\/index.php\/produto\/purificador-de-agua-electrolux-gelada-fria-e-natural-eletrico-touch-pe11x\/","title":{"rendered":"Purificador de \u00e1gua Electrolux &#8211; Gelada, Fria e Natural El\u00e9trico Touch (PE11X)"},"content":{"rendered":"","protected":false},"excerpt":{"rendered":"<p><strong>Purificador de \u00e1gua Electrolux &#8211; Gelada, Fria e Natural El\u00e9trico Touch (PE11X)<\/strong><\/p>\n<p><strong>\ud83d\udd25 Por: R$ 619,46 \u00e0 vista<\/strong><br \/>\n<strong>\ud83d\udd25 Por: R$ 659,00 em at\u00e9 10x<\/strong><\/p>\n<p><strong>\u26a0\ufe0fOferta v\u00e1lida para hoje, 12\/06\/2023, podendo encerrar a qualquer momento!!!<\/strong><\/p>\n","protected":false},"featured_media":8618,"comment_status":"open","ping_status":"closed","template":"","meta":[],"class_list":{"0":"post-8617","1":"product","2":"type-product","3":"status-publish","4":"has-post-thumbnail","6":"product_cat-eletroportateis","8":"first","9":"instock","10":"sale","11":"shipping-taxable","12":"product-type-external"},"_links":{"self":[{"href":"https:\/\/www.vbdivulg.com\/index.php\/wp-json\/wp\/v2\/product\/8617","targetHints":{"allow":["GET"]}}],"collection":[{"href":"https:\/\/www.vbdivulg.com\/index.php\/wp-json\/wp\/v2\/product"}],"about":[{"href":"https:\/\/www.vbdivulg.com\/index.php\/wp-json\/wp\/v2\/types\/product"}],"replies":[{"embeddable":true,"href":"https:\/\/www.vbdivulg.com\/index.php\/wp-json\/wp\/v2\/comments?post=8617"}],"wp:featuredmedia":[{"embeddable":true,"href":"https:\/\/www.vbdivulg.com\/index.php\/wp-json\/wp\/v2\/media\/8618"}],"wp:attachment":[{"href":"https:\/\/www.vbdivulg.com\/index.php\/wp-json\/wp\/v2\/media?parent=8617"}],"curies":[{"name":"wp","href":"https:\/\/api.w.org\/{rel}","templated":true}]}}