{"id":8638,"date":"2023-06-13T11:25:24","date_gmt":"2023-06-13T14:25:24","guid":{"rendered":"https:\/\/www.vbdivulg.com\/?post_type=product&#038;p=8638"},"modified":"2023-06-13T11:25:24","modified_gmt":"2023-06-13T14:25:24","slug":"polo-piquet-classica-reserva-masculino","status":"publish","type":"product","link":"https:\/\/www.vbdivulg.com\/index.php\/produto\/polo-piquet-classica-reserva-masculino\/","title":{"rendered":"Polo Piquet Classica, Reserva, Masculino"},"content":{"rendered":"","protected":false},"excerpt":{"rendered":"<p><strong>Qualidade Reserva, modelo polo \ud83d\ude09<\/strong><\/p>\n<p><strong>Polo Piquet Classica, Reserva, Masculino<\/strong><\/p>\n<p><strong>\ud83d\udd25R$ 116,71 em at\u00e9 2x<\/strong><\/p>\n<p><strong>\u26a0\ufe0fOferta v\u00e1lida para hoje, 13\/06\/2023, podendo encerrar a qualquer momento!!!<\/strong><\/p>\n<p><strong>\u2712\ufe0f Seja prime, primeiro m\u00eas \u00e9 gr\u00e1tis e pode cancelar quando quiser (inclusive no primeiro m\u00eas):<a href=\"https:\/\/amzn.to\/3xyV8G9\"> https:\/\/amzn.to\/3xyV8G9<\/a><\/strong><\/p>\n","protected":false},"featured_media":8639,"comment_status":"open","ping_status":"closed","template":"","meta":[],"class_list":{"0":"post-8638","1":"product","2":"type-product","3":"status-publish","4":"has-post-thumbnail","6":"product_cat-moda-e-acessorios-masc","8":"first","9":"instock","10":"sale","11":"shipping-taxable","12":"product-type-external"},"_links":{"self":[{"href":"https:\/\/www.vbdivulg.com\/index.php\/wp-json\/wp\/v2\/product\/8638","targetHints":{"allow":["GET"]}}],"collection":[{"href":"https:\/\/www.vbdivulg.com\/index.php\/wp-json\/wp\/v2\/product"}],"about":[{"href":"https:\/\/www.vbdivulg.com\/index.php\/wp-json\/wp\/v2\/types\/product"}],"replies":[{"embeddable":true,"href":"https:\/\/www.vbdivulg.com\/index.php\/wp-json\/wp\/v2\/comments?post=8638"}],"wp:featuredmedia":[{"embeddable":true,"href":"https:\/\/www.vbdivulg.com\/index.php\/wp-json\/wp\/v2\/media\/8639"}],"wp:attachment":[{"href":"https:\/\/www.vbdivulg.com\/index.php\/wp-json\/wp\/v2\/media?parent=8638"}],"curies":[{"name":"wp","href":"https:\/\/api.w.org\/{rel}","templated":true}]}}