{"id":8644,"date":"2023-06-13T11:55:07","date_gmt":"2023-06-13T14:55:07","guid":{"rendered":"https:\/\/www.vbdivulg.com\/?post_type=product&#038;p=8644"},"modified":"2023-06-13T11:55:07","modified_gmt":"2023-06-13T14:55:07","slug":"kit-o-boticario-lily-fragrancia-splash-bolsa-clutch","status":"publish","type":"product","link":"https:\/\/www.vbdivulg.com\/index.php\/produto\/kit-o-boticario-lily-fragrancia-splash-bolsa-clutch\/","title":{"rendered":"Kit o Botic\u00e1rio LiLy Fragr\u00e2ncia + Splash + Bolsa Clutch"},"content":{"rendered":"","protected":false},"excerpt":{"rendered":"<p><strong>Kit o Botic\u00e1rio LiLy Fragr\u00e2ncia + Splash + Bolsa Clutch<\/strong><\/p>\n<p><strong>\ud83d\udd25 Por: R$ 292,70 em at\u00e9 10x<\/strong><\/p>\n<p><strong>\u26a0\ufe0fOferta v\u00e1lida para hoje, 13\/06\/2023, podendo encerrar a qualquer momento!!!<\/strong><\/p>\n","protected":false},"featured_media":8645,"comment_status":"open","ping_status":"closed","template":"","meta":[],"class_list":{"0":"post-8644","1":"product","2":"type-product","3":"status-publish","4":"has-post-thumbnail","6":"product_cat-perfumaria-2","8":"first","9":"instock","10":"sale","11":"shipping-taxable","12":"product-type-external"},"_links":{"self":[{"href":"https:\/\/www.vbdivulg.com\/index.php\/wp-json\/wp\/v2\/product\/8644","targetHints":{"allow":["GET"]}}],"collection":[{"href":"https:\/\/www.vbdivulg.com\/index.php\/wp-json\/wp\/v2\/product"}],"about":[{"href":"https:\/\/www.vbdivulg.com\/index.php\/wp-json\/wp\/v2\/types\/product"}],"replies":[{"embeddable":true,"href":"https:\/\/www.vbdivulg.com\/index.php\/wp-json\/wp\/v2\/comments?post=8644"}],"wp:featuredmedia":[{"embeddable":true,"href":"https:\/\/www.vbdivulg.com\/index.php\/wp-json\/wp\/v2\/media\/8645"}],"wp:attachment":[{"href":"https:\/\/www.vbdivulg.com\/index.php\/wp-json\/wp\/v2\/media?parent=8644"}],"curies":[{"name":"wp","href":"https:\/\/api.w.org\/{rel}","templated":true}]}}