{"id":8655,"date":"2023-06-19T14:11:23","date_gmt":"2023-06-19T17:11:23","guid":{"rendered":"https:\/\/www.vbdivulg.com\/?post_type=product&#038;p=8655"},"modified":"2023-06-19T14:11:23","modified_gmt":"2023-06-19T17:11:23","slug":"tenis-461-new-balance-feminino","status":"publish","type":"product","link":"https:\/\/www.vbdivulg.com\/index.php\/produto\/tenis-461-new-balance-feminino\/","title":{"rendered":"T\u00eanis 461, New Balance, feminino"},"content":{"rendered":"","protected":false},"excerpt":{"rendered":"<p><strong>T\u00eanis 461, New Balance, feminino<\/strong><\/p>\n<p><strong>\ud83d\udd25 Por: R$ 180,10 em at\u00e9 10x<\/strong><\/p>\n<p><strong>\ud83d\uddd3 Oferta v\u00e1lida para hoje, 19\/09\/2022, podendo encerrar a qualquer momento!!!<\/strong><\/p>\n<p><strong>\u2712\ufe0f Seja prime, primeiro m\u00eas \u00e9 gr\u00e1tis e pode cancelar quando quiser (inclusive no primeiro m\u00eas): <a href=\"https:\/\/amzn.to\/3xyV8G9\">https:\/\/amzn.to\/3xyV8G9<\/a><\/strong><\/p>\n","protected":false},"featured_media":8656,"comment_status":"open","ping_status":"closed","template":"","meta":[],"class_list":{"0":"post-8655","1":"product","2":"type-product","3":"status-publish","4":"has-post-thumbnail","6":"product_cat-esporte","8":"first","9":"instock","10":"sale","11":"shipping-taxable","12":"product-type-external"},"_links":{"self":[{"href":"https:\/\/www.vbdivulg.com\/index.php\/wp-json\/wp\/v2\/product\/8655","targetHints":{"allow":["GET"]}}],"collection":[{"href":"https:\/\/www.vbdivulg.com\/index.php\/wp-json\/wp\/v2\/product"}],"about":[{"href":"https:\/\/www.vbdivulg.com\/index.php\/wp-json\/wp\/v2\/types\/product"}],"replies":[{"embeddable":true,"href":"https:\/\/www.vbdivulg.com\/index.php\/wp-json\/wp\/v2\/comments?post=8655"}],"wp:featuredmedia":[{"embeddable":true,"href":"https:\/\/www.vbdivulg.com\/index.php\/wp-json\/wp\/v2\/media\/8656"}],"wp:attachment":[{"href":"https:\/\/www.vbdivulg.com\/index.php\/wp-json\/wp\/v2\/media?parent=8655"}],"curies":[{"name":"wp","href":"https:\/\/api.w.org\/{rel}","templated":true}]}}