{"id":8657,"date":"2023-06-19T14:14:29","date_gmt":"2023-06-19T17:14:29","guid":{"rendered":"https:\/\/www.vbdivulg.com\/?post_type=product&#038;p=8657"},"modified":"2023-06-19T14:14:29","modified_gmt":"2023-06-19T17:14:29","slug":"ventilador-de-mesa-neo-air-15-total-control-preto-laranja-110v-mallory","status":"publish","type":"product","link":"https:\/\/www.vbdivulg.com\/index.php\/produto\/ventilador-de-mesa-neo-air-15-total-control-preto-laranja-110v-mallory\/","title":{"rendered":"Ventilador de Mesa, Neo Air 15 Total Control, Preto\/Laranja, 110v, Mallory"},"content":{"rendered":"","protected":false},"excerpt":{"rendered":"<p><strong>Com Controle remoto\u2757\ufe0f<\/strong><\/p>\n<p><strong>Ventilador de Mesa, Neo Air 15 Total Control, Preto\/Laranja, 110v, Mallory<\/strong><\/p>\n<p><strong>\ud83d\udd25 Por: R$ 170,10 \u00e0 vista<\/strong><br \/>\n<strong>\ud83d\udd25 Por: R$ 189,00 em at\u00e9 3x<\/strong><\/p>\n<p><strong>\ud83d\uddd3 Oferta v\u00e1lida para hoje, 19\/09\/2022, podendo encerrar a qualquer momento!!!<\/strong><\/p>\n<p><strong>\u2712\ufe0f Seja prime, primeiro m\u00eas \u00e9 gr\u00e1tis e pode cancelar quando quiser (inclusive no primeiro m\u00eas): <a href=\"https:\/\/amzn.to\/3xyV8G9\">https:\/\/amzn.to\/3xyV8G9<\/a><\/strong><\/p>\n","protected":false},"featured_media":8658,"comment_status":"open","ping_status":"closed","template":"","meta":[],"class_list":{"0":"post-8657","1":"product","2":"type-product","3":"status-publish","4":"has-post-thumbnail","6":"product_cat-eletroportateis","8":"first","9":"instock","10":"sale","11":"shipping-taxable","12":"product-type-external"},"_links":{"self":[{"href":"https:\/\/www.vbdivulg.com\/index.php\/wp-json\/wp\/v2\/product\/8657","targetHints":{"allow":["GET"]}}],"collection":[{"href":"https:\/\/www.vbdivulg.com\/index.php\/wp-json\/wp\/v2\/product"}],"about":[{"href":"https:\/\/www.vbdivulg.com\/index.php\/wp-json\/wp\/v2\/types\/product"}],"replies":[{"embeddable":true,"href":"https:\/\/www.vbdivulg.com\/index.php\/wp-json\/wp\/v2\/comments?post=8657"}],"wp:featuredmedia":[{"embeddable":true,"href":"https:\/\/www.vbdivulg.com\/index.php\/wp-json\/wp\/v2\/media\/8658"}],"wp:attachment":[{"href":"https:\/\/www.vbdivulg.com\/index.php\/wp-json\/wp\/v2\/media?parent=8657"}],"curies":[{"name":"wp","href":"https:\/\/api.w.org\/{rel}","templated":true}]}}