{"id":8661,"date":"2023-06-19T14:20:53","date_gmt":"2023-06-19T17:20:53","guid":{"rendered":"https:\/\/www.vbdivulg.com\/?post_type=product&#038;p=8661"},"modified":"2023-06-19T14:20:53","modified_gmt":"2023-06-19T17:20:53","slug":"console-nintendo-switch-azul-neon-e-vermelho-neon","status":"publish","type":"product","link":"https:\/\/www.vbdivulg.com\/index.php\/produto\/console-nintendo-switch-azul-neon-e-vermelho-neon\/","title":{"rendered":"Console Nintendo Switch &#8211; Azul Neon e Vermelho Neon"},"content":{"rendered":"","protected":false},"excerpt":{"rendered":"<p><strong>\ud83c\udfae Nintendo Switch<\/strong><\/p>\n<p><strong>Console Nintendo Switch &#8211; Azul Neon e Vermelho Neon<\/strong><\/p>\n<p><strong>\ud83d\udd25 Por: R$ 1.999,00 em at\u00e9 10x<\/strong><\/p>\n<p><strong>\u26a0\ufe0fOferta v\u00e1lida para hoje, 19\/06\/2023, podendo encerrar a qualquer momento!!!<\/strong><\/p>\n<p><strong>\u2712\ufe0f Seja prime, primeiro m\u00eas \u00e9 gr\u00e1tis e pode cancelar quando quiser (inclusive no primeiro m\u00eas):<a href=\"https:\/\/amzn.to\/3xyV8G9\"> https:\/\/amzn.to\/3xyV8G9<\/a><\/strong><\/p>\n","protected":false},"featured_media":8662,"comment_status":"open","ping_status":"closed","template":"","meta":[],"class_list":{"0":"post-8661","1":"product","2":"type-product","3":"status-publish","4":"has-post-thumbnail","6":"product_cat-games-e-consoles","8":"first","9":"instock","10":"sale","11":"shipping-taxable","12":"product-type-external"},"_links":{"self":[{"href":"https:\/\/www.vbdivulg.com\/index.php\/wp-json\/wp\/v2\/product\/8661","targetHints":{"allow":["GET"]}}],"collection":[{"href":"https:\/\/www.vbdivulg.com\/index.php\/wp-json\/wp\/v2\/product"}],"about":[{"href":"https:\/\/www.vbdivulg.com\/index.php\/wp-json\/wp\/v2\/types\/product"}],"replies":[{"embeddable":true,"href":"https:\/\/www.vbdivulg.com\/index.php\/wp-json\/wp\/v2\/comments?post=8661"}],"wp:featuredmedia":[{"embeddable":true,"href":"https:\/\/www.vbdivulg.com\/index.php\/wp-json\/wp\/v2\/media\/8662"}],"wp:attachment":[{"href":"https:\/\/www.vbdivulg.com\/index.php\/wp-json\/wp\/v2\/media?parent=8661"}],"curies":[{"name":"wp","href":"https:\/\/api.w.org\/{rel}","templated":true}]}}