{"id":8688,"date":"2023-06-21T15:08:24","date_gmt":"2023-06-21T18:08:24","guid":{"rendered":"https:\/\/www.vbdivulg.com\/?post_type=product&#038;p=8688"},"modified":"2023-06-21T15:08:24","modified_gmt":"2023-06-21T18:08:24","slug":"smart-tv-led-43-full-hd-lg-43lm631c0sb-ia-lg-thinq-wifi","status":"publish","type":"product","link":"https:\/\/www.vbdivulg.com\/index.php\/produto\/smart-tv-led-43-full-hd-lg-43lm631c0sb-ia-lg-thinq-wifi\/","title":{"rendered":"Smart TV LED 43&#8242; FULL HD LG 43LM631C0SB &#8211; IA LG ThinQ, Wifi"},"content":{"rendered":"","protected":false},"excerpt":{"rendered":"<p><strong>\ud83d\udcfa LG 43\u2033 Full HD \ud83d\udd1dBAIXOU! \u00d3timo pre\u00e7o parcelado \ud83d\udcb3<\/strong><\/p>\n<p><strong>Smart TV LED 43&#8242; FULL HD LG 43LM631C0SB &#8211; IA LG ThinQ, Wifi<\/strong><\/p>\n<p><strong>\ud83d\udd25 R$1.689,00 parcelado<\/strong><\/p>\n<p><strong>\u26a0\ufe0fOferta v\u00e1lida para hoje, 21\/06\/2023, podendo encerrar a qualquer momento!!!<\/strong><\/p>\n<p><strong>\u2712\ufe0f Seja prime, primeiro m\u00eas \u00e9 gr\u00e1tis e pode cancelar quando quiser (inclusive no primeiro m\u00eas): <a href=\"https:\/\/amzn.to\/3xyV8G9\">https:\/\/amzn.to\/3xyV8G9<\/a><\/strong><\/p>\n","protected":false},"featured_media":8689,"comment_status":"open","ping_status":"closed","template":"","meta":[],"class_list":{"0":"post-8688","1":"product","2":"type-product","3":"status-publish","4":"has-post-thumbnail","6":"product_cat-smart-tv","8":"first","9":"instock","10":"sale","11":"shipping-taxable","12":"product-type-external"},"_links":{"self":[{"href":"https:\/\/www.vbdivulg.com\/index.php\/wp-json\/wp\/v2\/product\/8688","targetHints":{"allow":["GET"]}}],"collection":[{"href":"https:\/\/www.vbdivulg.com\/index.php\/wp-json\/wp\/v2\/product"}],"about":[{"href":"https:\/\/www.vbdivulg.com\/index.php\/wp-json\/wp\/v2\/types\/product"}],"replies":[{"embeddable":true,"href":"https:\/\/www.vbdivulg.com\/index.php\/wp-json\/wp\/v2\/comments?post=8688"}],"wp:featuredmedia":[{"embeddable":true,"href":"https:\/\/www.vbdivulg.com\/index.php\/wp-json\/wp\/v2\/media\/8689"}],"wp:attachment":[{"href":"https:\/\/www.vbdivulg.com\/index.php\/wp-json\/wp\/v2\/media?parent=8688"}],"curies":[{"name":"wp","href":"https:\/\/api.w.org\/{rel}","templated":true}]}}