{"id":8690,"date":"2023-06-21T15:10:07","date_gmt":"2023-06-21T18:10:07","guid":{"rendered":"https:\/\/www.vbdivulg.com\/?post_type=product&#038;p=8690"},"modified":"2023-06-21T15:10:27","modified_gmt":"2023-06-21T18:10:27","slug":"luminaria-de-emergencia-autonoma-lea30-branco-intelbras","status":"publish","type":"product","link":"https:\/\/www.vbdivulg.com\/index.php\/produto\/luminaria-de-emergencia-autonoma-lea30-branco-intelbras\/","title":{"rendered":"Lumin\u00e1ria de Emerg\u00eancia Aut\u00f4noma LEA30 Branco Intelbras"},"content":{"rendered":"","protected":false},"excerpt":{"rendered":"<p><strong>\ud83d\udca1 Ideal para quando falta energia \u203c\ufe0f<\/strong><\/p>\n<p><strong>Lumin\u00e1ria de Emerg\u00eancia Aut\u00f4noma LEA30 Branco Intelbras<\/strong><\/p>\n<p><strong>\ud83d\udd25 Por: R$ 15,90 \u00e0 vista<\/strong><\/p>\n<p><strong>\ud83d\uddd3 Oferta v\u00e1lida para hoje, 21\/06\/2023, podendo encerrar a qualquer momento!!!<\/strong><\/p>\n<p><strong>\u2712\ufe0f Seja prime, primeiro m\u00eas \u00e9 gr\u00e1tis e pode cancelar quando quiser (inclusive no primeiro m\u00eas): <a href=\"https:\/\/amzn.to\/3xyV8G9\">https:\/\/amzn.to\/3xyV8G9<\/a><\/strong><\/p>\n","protected":false},"featured_media":8691,"comment_status":"open","ping_status":"closed","template":"","meta":[],"class_list":{"0":"post-8690","1":"product","2":"type-product","3":"status-publish","4":"has-post-thumbnail","6":"product_cat-casa-e-construcao","8":"first","9":"instock","10":"sale","11":"shipping-taxable","12":"product-type-external"},"_links":{"self":[{"href":"https:\/\/www.vbdivulg.com\/index.php\/wp-json\/wp\/v2\/product\/8690","targetHints":{"allow":["GET"]}}],"collection":[{"href":"https:\/\/www.vbdivulg.com\/index.php\/wp-json\/wp\/v2\/product"}],"about":[{"href":"https:\/\/www.vbdivulg.com\/index.php\/wp-json\/wp\/v2\/types\/product"}],"replies":[{"embeddable":true,"href":"https:\/\/www.vbdivulg.com\/index.php\/wp-json\/wp\/v2\/comments?post=8690"}],"wp:featuredmedia":[{"embeddable":true,"href":"https:\/\/www.vbdivulg.com\/index.php\/wp-json\/wp\/v2\/media\/8691"}],"wp:attachment":[{"href":"https:\/\/www.vbdivulg.com\/index.php\/wp-json\/wp\/v2\/media?parent=8690"}],"curies":[{"name":"wp","href":"https:\/\/api.w.org\/{rel}","templated":true}]}}