{"id":8692,"date":"2023-06-21T15:12:13","date_gmt":"2023-06-21T18:12:13","guid":{"rendered":"https:\/\/www.vbdivulg.com\/?post_type=product&#038;p=8692"},"modified":"2023-06-21T15:12:14","modified_gmt":"2023-06-21T18:12:14","slug":"smart-tv-led-50-4k-uhd-samsung-un50au7700gxzd-wifi-hdmi","status":"publish","type":"product","link":"https:\/\/www.vbdivulg.com\/index.php\/produto\/smart-tv-led-50-4k-uhd-samsung-un50au7700gxzd-wifi-hdmi\/","title":{"rendered":"Smart TV LED 50&#8243; 4K UHD Samsung UN50AU7700GXZD &#8211; Wifi, HDMI"},"content":{"rendered":"","protected":false},"excerpt":{"rendered":"<p><strong>\ud83e\udd29 TEL\u00c3O 50\u201d Crystal 4K<\/strong><\/p>\n<p><strong>Smart TV LED 50&#8243; 4K UHD Samsung UN50AU7700GXZD &#8211; Wifi, HDMI<\/strong><\/p>\n<p><strong>\ud83d\udd25 Por: R$ 2.219,90 em at\u00e9 10x<\/strong><\/p>\n<p><strong>\u26a0\ufe0fOferta v\u00e1lida para hoje, 21\/06\/2023, podendo encerrar a qualquer momento!!!<\/strong><\/p>\n<p><strong>\u2712\ufe0f Seja prime, primeiro m\u00eas \u00e9 gr\u00e1tis e pode cancelar quando quiser (inclusive no primeiro m\u00eas): <a href=\"https:\/\/amzn.to\/3xyV8G9\">https:\/\/amzn.to\/3xyV8G9<\/a><\/strong><\/p>\n","protected":false},"featured_media":8693,"comment_status":"open","ping_status":"closed","template":"","meta":[],"class_list":{"0":"post-8692","1":"product","2":"type-product","3":"status-publish","4":"has-post-thumbnail","6":"product_cat-smart-tv","8":"first","9":"instock","10":"sale","11":"shipping-taxable","12":"product-type-external"},"_links":{"self":[{"href":"https:\/\/www.vbdivulg.com\/index.php\/wp-json\/wp\/v2\/product\/8692","targetHints":{"allow":["GET"]}}],"collection":[{"href":"https:\/\/www.vbdivulg.com\/index.php\/wp-json\/wp\/v2\/product"}],"about":[{"href":"https:\/\/www.vbdivulg.com\/index.php\/wp-json\/wp\/v2\/types\/product"}],"replies":[{"embeddable":true,"href":"https:\/\/www.vbdivulg.com\/index.php\/wp-json\/wp\/v2\/comments?post=8692"}],"wp:featuredmedia":[{"embeddable":true,"href":"https:\/\/www.vbdivulg.com\/index.php\/wp-json\/wp\/v2\/media\/8693"}],"wp:attachment":[{"href":"https:\/\/www.vbdivulg.com\/index.php\/wp-json\/wp\/v2\/media?parent=8692"}],"curies":[{"name":"wp","href":"https:\/\/api.w.org\/{rel}","templated":true}]}}