{"id":8694,"date":"2023-06-21T15:14:10","date_gmt":"2023-06-21T18:14:10","guid":{"rendered":"https:\/\/www.vbdivulg.com\/?post_type=product&#038;p=8694"},"modified":"2023-06-21T15:14:10","modified_gmt":"2023-06-21T18:14:10","slug":"selecao-de-macaquinhos-speedo","status":"publish","type":"product","link":"https:\/\/www.vbdivulg.com\/index.php\/produto\/selecao-de-macaquinhos-speedo\/","title":{"rendered":"Sele\u00e7\u00e3o de Macaquinhos Speedo"},"content":{"rendered":"","protected":false},"excerpt":{"rendered":"<p><strong>Sele\u00e7\u00e3o de Macaquinhos Speedo<\/strong><\/p>\n<p><strong>\ud83d\udd25 Por: R$ 119,90 em at\u00e9 2x<\/strong><\/p>\n<p><strong>\u26a0\ufe0fOferta v\u00e1lida para hoje, 21\/06\/2023, podendo encerrar a qualquer momento!!!<\/strong><\/p>\n<p><strong>\u2712\ufe0f Seja prime, primeiro m\u00eas \u00e9 gr\u00e1tis e pode cancelar quando quiser (inclusive no primeiro m\u00eas): <a href=\"https:\/\/amzn.to\/3xyV8G9\">https:\/\/amzn.to\/3xyV8G9<\/a><\/strong><\/p>\n","protected":false},"featured_media":8695,"comment_status":"open","ping_status":"closed","template":"","meta":[],"class_list":{"0":"post-8694","1":"product","2":"type-product","3":"status-publish","4":"has-post-thumbnail","6":"product_cat-esporte","8":"first","9":"instock","10":"sale","11":"shipping-taxable","12":"product-type-external"},"_links":{"self":[{"href":"https:\/\/www.vbdivulg.com\/index.php\/wp-json\/wp\/v2\/product\/8694","targetHints":{"allow":["GET"]}}],"collection":[{"href":"https:\/\/www.vbdivulg.com\/index.php\/wp-json\/wp\/v2\/product"}],"about":[{"href":"https:\/\/www.vbdivulg.com\/index.php\/wp-json\/wp\/v2\/types\/product"}],"replies":[{"embeddable":true,"href":"https:\/\/www.vbdivulg.com\/index.php\/wp-json\/wp\/v2\/comments?post=8694"}],"wp:featuredmedia":[{"embeddable":true,"href":"https:\/\/www.vbdivulg.com\/index.php\/wp-json\/wp\/v2\/media\/8695"}],"wp:attachment":[{"href":"https:\/\/www.vbdivulg.com\/index.php\/wp-json\/wp\/v2\/media?parent=8694"}],"curies":[{"name":"wp","href":"https:\/\/api.w.org\/{rel}","templated":true}]}}