{"id":8696,"date":"2023-06-21T15:16:12","date_gmt":"2023-06-21T18:16:12","guid":{"rendered":"https:\/\/www.vbdivulg.com\/?post_type=product&#038;p=8696"},"modified":"2023-06-21T15:16:12","modified_gmt":"2023-06-21T18:16:12","slug":"protetor-solar-facial-eucerin-sun-gel-creme-oil-control-fps-60-50g","status":"publish","type":"product","link":"https:\/\/www.vbdivulg.com\/index.php\/produto\/protetor-solar-facial-eucerin-sun-gel-creme-oil-control-fps-60-50g\/","title":{"rendered":"Protetor Solar Facial Eucerin &#8211; Sun Gel-Creme Oil Control FPS 60 50g"},"content":{"rendered":"","protected":false},"excerpt":{"rendered":"<p><strong>FPS 60\u2600\ufe0f<\/strong><\/p>\n<p><strong>Protetor Solar Facial Eucerin &#8211; Sun Gel-Creme Oil Control FPS 60 50g<\/strong><\/p>\n<p><strong>\ud83d\udd25 Por: R$ 69,90 \u00e0 vista<\/strong><\/p>\n<p><strong>\u26a0\ufe0fOferta v\u00e1lida para hoje, 21\/06\/2023, podendo encerrar a qualquer momento!!!<\/strong><\/p>\n<p><strong>\u2712\ufe0f Seja prime, primeiro m\u00eas \u00e9 gr\u00e1tis e pode cancelar quando quiser (inclusive no primeiro m\u00eas): <a href=\"https:\/\/amzn.to\/3xyV8G9\">https:\/\/amzn.to\/3xyV8G9<\/a><\/strong><\/p>\n","protected":false},"featured_media":8697,"comment_status":"open","ping_status":"closed","template":"","meta":[],"class_list":{"0":"post-8696","1":"product","2":"type-product","3":"status-publish","4":"has-post-thumbnail","6":"product_cat-cosmeticos","8":"first","9":"instock","10":"sale","11":"shipping-taxable","12":"product-type-external"},"_links":{"self":[{"href":"https:\/\/www.vbdivulg.com\/index.php\/wp-json\/wp\/v2\/product\/8696","targetHints":{"allow":["GET"]}}],"collection":[{"href":"https:\/\/www.vbdivulg.com\/index.php\/wp-json\/wp\/v2\/product"}],"about":[{"href":"https:\/\/www.vbdivulg.com\/index.php\/wp-json\/wp\/v2\/types\/product"}],"replies":[{"embeddable":true,"href":"https:\/\/www.vbdivulg.com\/index.php\/wp-json\/wp\/v2\/comments?post=8696"}],"wp:featuredmedia":[{"embeddable":true,"href":"https:\/\/www.vbdivulg.com\/index.php\/wp-json\/wp\/v2\/media\/8697"}],"wp:attachment":[{"href":"https:\/\/www.vbdivulg.com\/index.php\/wp-json\/wp\/v2\/media?parent=8696"}],"curies":[{"name":"wp","href":"https:\/\/api.w.org\/{rel}","templated":true}]}}