{"id":8698,"date":"2023-06-21T15:18:09","date_gmt":"2023-06-21T18:18:09","guid":{"rendered":"https:\/\/www.vbdivulg.com\/?post_type=product&#038;p=8698"},"modified":"2023-06-21T15:18:09","modified_gmt":"2023-06-21T18:18:09","slug":"vichy-dercos-leave-in-kera-solutions-50ml","status":"publish","type":"product","link":"https:\/\/www.vbdivulg.com\/index.php\/produto\/vichy-dercos-leave-in-kera-solutions-50ml\/","title":{"rendered":"Vichy Dercos Leave In Kera Solutions 50ml"},"content":{"rendered":"","protected":false},"excerpt":{"rendered":"<p><strong>Vichy Dercos Leave In Kera Solutions 50ml<\/strong><\/p>\n<p><strong>\ud83d\udd25 Por: R$ 55,90 \u00e0 vista<\/strong><\/p>\n<p><strong>\u26a0\ufe0fOferta v\u00e1lida para hoje, 21\/06\/2023, podendo encerrar a qualquer momento!!!<\/strong><\/p>\n<p><strong>\u2712\ufe0f Seja prime, primeiro m\u00eas \u00e9 gr\u00e1tis e pode cancelar quando quiser (inclusive no primeiro m\u00eas): <a href=\"https:\/\/amzn.to\/3xyV8G9\">https:\/\/amzn.to\/3xyV8G9<\/a><\/strong><\/p>\n","protected":false},"featured_media":8699,"comment_status":"open","ping_status":"closed","template":"","meta":[],"class_list":{"0":"post-8698","1":"product","2":"type-product","3":"status-publish","4":"has-post-thumbnail","6":"product_cat-beleza","8":"first","9":"instock","10":"sale","11":"shipping-taxable","12":"product-type-external"},"_links":{"self":[{"href":"https:\/\/www.vbdivulg.com\/index.php\/wp-json\/wp\/v2\/product\/8698","targetHints":{"allow":["GET"]}}],"collection":[{"href":"https:\/\/www.vbdivulg.com\/index.php\/wp-json\/wp\/v2\/product"}],"about":[{"href":"https:\/\/www.vbdivulg.com\/index.php\/wp-json\/wp\/v2\/types\/product"}],"replies":[{"embeddable":true,"href":"https:\/\/www.vbdivulg.com\/index.php\/wp-json\/wp\/v2\/comments?post=8698"}],"wp:featuredmedia":[{"embeddable":true,"href":"https:\/\/www.vbdivulg.com\/index.php\/wp-json\/wp\/v2\/media\/8699"}],"wp:attachment":[{"href":"https:\/\/www.vbdivulg.com\/index.php\/wp-json\/wp\/v2\/media?parent=8698"}],"curies":[{"name":"wp","href":"https:\/\/api.w.org\/{rel}","templated":true}]}}