{"id":8724,"date":"2023-07-05T16:01:52","date_gmt":"2023-07-05T19:01:52","guid":{"rendered":"https:\/\/www.vbdivulg.com\/?post_type=product&#038;p=8724"},"modified":"2023-07-05T16:01:53","modified_gmt":"2023-07-05T19:01:53","slug":"paleta-de-sombras-mariana-saad-by-oceane-12-shades-215g","status":"publish","type":"product","link":"https:\/\/www.vbdivulg.com\/index.php\/produto\/paleta-de-sombras-mariana-saad-by-oceane-12-shades-215g\/","title":{"rendered":"Paleta de Sombras Mariana Saad By Oc\u00e9ane &#8211; 12 Shades 21,5g"},"content":{"rendered":"","protected":false},"excerpt":{"rendered":"<p><strong>\u00c9 da Oc\u00e9ane \u203c\ufe0f<\/strong><\/p>\n<p><strong>Paleta de Sombras Mariana Saad By Oc\u00e9ane &#8211; 12 Shades 21,5g<\/strong><\/p>\n<p><strong>\ud83d\udd25 Por: R$ 59,99<\/strong><\/p>\n<p><strong>\u26a0\ufe0f Oferta v\u00e1lida para hoje, 05\/07\/2023, podendo encerrar a qualquer momento!!!<\/strong><\/p>\n<p><strong>\u2712\ufe0f Seja prime, primeiro m\u00eas \u00e9 gr\u00e1tis e pode cancelar quando quiser (inclusive no primeiro m\u00eas): <a href=\"https:\/\/amzn.to\/3xyV8G9\">https:\/\/amzn.to\/3xyV8G9<\/a><\/strong><\/p>\n","protected":false},"featured_media":8725,"comment_status":"open","ping_status":"closed","template":"","meta":[],"class_list":{"0":"post-8724","1":"product","2":"type-product","3":"status-publish","4":"has-post-thumbnail","6":"product_cat-beleza","8":"first","9":"instock","10":"sale","11":"shipping-taxable","12":"product-type-external"},"_links":{"self":[{"href":"https:\/\/www.vbdivulg.com\/index.php\/wp-json\/wp\/v2\/product\/8724","targetHints":{"allow":["GET"]}}],"collection":[{"href":"https:\/\/www.vbdivulg.com\/index.php\/wp-json\/wp\/v2\/product"}],"about":[{"href":"https:\/\/www.vbdivulg.com\/index.php\/wp-json\/wp\/v2\/types\/product"}],"replies":[{"embeddable":true,"href":"https:\/\/www.vbdivulg.com\/index.php\/wp-json\/wp\/v2\/comments?post=8724"}],"wp:featuredmedia":[{"embeddable":true,"href":"https:\/\/www.vbdivulg.com\/index.php\/wp-json\/wp\/v2\/media\/8725"}],"wp:attachment":[{"href":"https:\/\/www.vbdivulg.com\/index.php\/wp-json\/wp\/v2\/media?parent=8724"}],"curies":[{"name":"wp","href":"https:\/\/api.w.org\/{rel}","templated":true}]}}