{"id":8726,"date":"2023-07-05T16:04:20","date_gmt":"2023-07-05T19:04:20","guid":{"rendered":"https:\/\/www.vbdivulg.com\/?post_type=product&#038;p=8726"},"modified":"2023-07-05T16:04:20","modified_gmt":"2023-07-05T19:04:20","slug":"jbl-caixa-de-som-bluetooth-partybox-com-luzes-led-preto","status":"publish","type":"product","link":"https:\/\/www.vbdivulg.com\/index.php\/produto\/jbl-caixa-de-som-bluetooth-partybox-com-luzes-led-preto\/","title":{"rendered":"JBL, Caixa de som Bluetooth, PartyBox, Com Luzes Led &#8211; Preto"},"content":{"rendered":"","protected":false},"excerpt":{"rendered":"<p><strong>\ud83c\udfc3\ud83c\udffc\u200d\u2640\ufe0f\ud83c\udfc3\ud83c\udffc\u200d\u2642\ufe0f JBL PartyBox<\/strong><\/p>\n<p><strong>CUSTA ACIMA DE R$2200 no Sites\u203c\ufe0f<\/strong><\/p>\n<p><strong>JBL, Caixa de som Bluetooth, PartyBox, Com Luzes Led &#8211; Preto<\/strong><\/p>\n<p><strong>\ud83d\udd25 R$ 1.859,99 \u00e0 vista ou ou R$ 1.996,97 em at\u00e9 10x<\/strong><\/p>\n<p><strong>\u26a0\ufe0f Oferta v\u00e1lida para hoje, 05\/07\/2023, podendo encerrar a qualquer momento!!!<\/strong><\/p>\n<p><strong>\u2712\ufe0f Seja prime, primeiro m\u00eas \u00e9 gr\u00e1tis e pode cancelar quando quiser (inclusive no primeiro m\u00eas): <a href=\"https:\/\/amzn.to\/3xyV8G9\">https:\/\/amzn.to\/3xyV8G9<\/a><\/strong><\/p>\n","protected":false},"featured_media":8727,"comment_status":"open","ping_status":"closed","template":"","meta":[],"class_list":{"0":"post-8726","1":"product","2":"type-product","3":"status-publish","4":"has-post-thumbnail","6":"product_cat-eletronicas-e-tecnologia","8":"first","9":"instock","10":"sale","11":"shipping-taxable","12":"product-type-external"},"_links":{"self":[{"href":"https:\/\/www.vbdivulg.com\/index.php\/wp-json\/wp\/v2\/product\/8726","targetHints":{"allow":["GET"]}}],"collection":[{"href":"https:\/\/www.vbdivulg.com\/index.php\/wp-json\/wp\/v2\/product"}],"about":[{"href":"https:\/\/www.vbdivulg.com\/index.php\/wp-json\/wp\/v2\/types\/product"}],"replies":[{"embeddable":true,"href":"https:\/\/www.vbdivulg.com\/index.php\/wp-json\/wp\/v2\/comments?post=8726"}],"wp:featuredmedia":[{"embeddable":true,"href":"https:\/\/www.vbdivulg.com\/index.php\/wp-json\/wp\/v2\/media\/8727"}],"wp:attachment":[{"href":"https:\/\/www.vbdivulg.com\/index.php\/wp-json\/wp\/v2\/media?parent=8726"}],"curies":[{"name":"wp","href":"https:\/\/api.w.org\/{rel}","templated":true}]}}