{"id":8732,"date":"2023-07-12T15:00:26","date_gmt":"2023-07-12T18:00:26","guid":{"rendered":"https:\/\/www.vbdivulg.com\/?post_type=product&#038;p=8732"},"modified":"2023-07-12T15:00:26","modified_gmt":"2023-07-12T18:00:26","slug":"samsung-galaxy-s22-ultra-256gb-5g-wi-fi-tela-6-8-dual-chip-12gb-ram-camera-quadrupla-selfie-40mp","status":"publish","type":"product","link":"https:\/\/www.vbdivulg.com\/index.php\/produto\/samsung-galaxy-s22-ultra-256gb-5g-wi-fi-tela-6-8-dual-chip-12gb-ram-camera-quadrupla-selfie-40mp\/","title":{"rendered":"Samsung Galaxy S22 Ultra 256GB 5G Wi-Fi Tela 6.8&#8221; Dual Chip 12GB RAM C\u00e2mera Qu\u00e1drupla + Selfie 40MP"},"content":{"rendered":"","protected":false},"excerpt":{"rendered":"<p><strong>BAIXOU MAIS\ud83c\udfc3\ud83c\udffc\u200d\u2642\ufe0f\ud83c\udfc3\ud83c\udffc\u200d\u2640\ufe0f\ud83c\udfc3\ud83c\udffc\u200d\u2642\ufe0f S22 Ultra 256GB, PARCELADO\ud83d\udcb3\u203c\ufe0f<\/strong><\/p>\n<p><strong>Samsung Galaxy S22 Ultra 256GB 5G Wi-Fi Tela 6.8&#8221; Dual Chip 12GB RAM C\u00e2mera Qu\u00e1drupla + Selfie 40MP<\/strong><\/p>\n<p><strong>\ud83d\udd25 Por: R$ 3.898,90 em at\u00e9 10x<\/strong><\/p>\n<p><strong>\u26a0\ufe0f Oferta v\u00e1lida para hoje, 12\/07\/2023, podendo encerrar a qualquer momento!!!<\/strong><\/p>\n<p><strong>\u2712\ufe0f Seja prime, primeiro m\u00eas \u00e9 gr\u00e1tis e pode cancelar quando quiser (inclusive no primeiro m\u00eas): <a href=\"https:\/\/amzn.to\/3xyV8G9\">https:\/\/amzn.to\/3xyV8G9<\/a><\/strong><\/p>\n","protected":false},"featured_media":8733,"comment_status":"open","ping_status":"closed","template":"","meta":[],"class_list":{"0":"post-8732","1":"product","2":"type-product","3":"status-publish","4":"has-post-thumbnail","6":"product_cat-smartphones","8":"first","9":"instock","10":"sale","11":"shipping-taxable","12":"product-type-external"},"_links":{"self":[{"href":"https:\/\/www.vbdivulg.com\/index.php\/wp-json\/wp\/v2\/product\/8732","targetHints":{"allow":["GET"]}}],"collection":[{"href":"https:\/\/www.vbdivulg.com\/index.php\/wp-json\/wp\/v2\/product"}],"about":[{"href":"https:\/\/www.vbdivulg.com\/index.php\/wp-json\/wp\/v2\/types\/product"}],"replies":[{"embeddable":true,"href":"https:\/\/www.vbdivulg.com\/index.php\/wp-json\/wp\/v2\/comments?post=8732"}],"wp:featuredmedia":[{"embeddable":true,"href":"https:\/\/www.vbdivulg.com\/index.php\/wp-json\/wp\/v2\/media\/8733"}],"wp:attachment":[{"href":"https:\/\/www.vbdivulg.com\/index.php\/wp-json\/wp\/v2\/media?parent=8732"}],"curies":[{"name":"wp","href":"https:\/\/api.w.org\/{rel}","templated":true}]}}