{"id":8737,"date":"2023-07-13T10:35:08","date_gmt":"2023-07-13T13:35:08","guid":{"rendered":"https:\/\/www.vbdivulg.com\/?post_type=product&#038;p=8737"},"modified":"2023-07-13T10:35:09","modified_gmt":"2023-07-13T13:35:09","slug":"smart-tv-75-4k-ambilight-75pug7906-78-android-comando-de-voz-dolby-vision-atmos-vrr-allm-bluetooth-5-0","status":"publish","type":"product","link":"https:\/\/www.vbdivulg.com\/index.php\/produto\/smart-tv-75-4k-ambilight-75pug7906-78-android-comando-de-voz-dolby-vision-atmos-vrr-allm-bluetooth-5-0\/","title":{"rendered":"Smart TV 75&#8243; 4K Ambilight 75PUG7906\/78, Android, Comando de Voz, Dolby Vision\/Atmos, VRR\/ALLM, Bluetooth 5.0"},"content":{"rendered":"","protected":false},"excerpt":{"rendered":"<p><strong>75&#8243; TEL\u00c3O da Philips \ud83d\ude2e Essa \u00e9 Ambilight!<\/strong><\/p>\n<p><strong>Smart TV 75&#8243; 4K Ambilight 75PUG7906\/78, Android, Comando de Voz, Dolby Vision\/Atmos, VRR\/ALLM, Bluetooth 5.0<\/strong><\/p>\n<p><strong>\ud83d\udd25 R$ 4.999,00 parcelado<\/strong><\/p>\n<p><strong>\ud83d\uddd3 Oferta v\u00e1lida para hoje, 13\/07\/2023, podendo encerrar a qualquer momento!!!<\/strong><\/p>\n<p><strong>\u2712\ufe0f Seja prime, primeiro m\u00eas \u00e9 gr\u00e1tis e pode cancelar quando quiser (inclusive no primeiro m\u00eas): <a href=\"https:\/\/amzn.to\/3xyV8G9\">https:\/\/amzn.to\/3xyV8G9<\/a><\/strong><\/p>\n","protected":false},"featured_media":8738,"comment_status":"open","ping_status":"closed","template":"","meta":[],"class_list":{"0":"post-8737","1":"product","2":"type-product","3":"status-publish","4":"has-post-thumbnail","6":"product_cat-smart-tv","8":"first","9":"instock","10":"sale","11":"shipping-taxable","12":"product-type-external"},"_links":{"self":[{"href":"https:\/\/www.vbdivulg.com\/index.php\/wp-json\/wp\/v2\/product\/8737","targetHints":{"allow":["GET"]}}],"collection":[{"href":"https:\/\/www.vbdivulg.com\/index.php\/wp-json\/wp\/v2\/product"}],"about":[{"href":"https:\/\/www.vbdivulg.com\/index.php\/wp-json\/wp\/v2\/types\/product"}],"replies":[{"embeddable":true,"href":"https:\/\/www.vbdivulg.com\/index.php\/wp-json\/wp\/v2\/comments?post=8737"}],"wp:featuredmedia":[{"embeddable":true,"href":"https:\/\/www.vbdivulg.com\/index.php\/wp-json\/wp\/v2\/media\/8738"}],"wp:attachment":[{"href":"https:\/\/www.vbdivulg.com\/index.php\/wp-json\/wp\/v2\/media?parent=8737"}],"curies":[{"name":"wp","href":"https:\/\/api.w.org\/{rel}","templated":true}]}}