{"id":8739,"date":"2023-07-13T10:36:51","date_gmt":"2023-07-13T13:36:51","guid":{"rendered":"https:\/\/www.vbdivulg.com\/?post_type=product&#038;p=8739"},"modified":"2023-07-13T10:36:51","modified_gmt":"2023-07-13T13:36:51","slug":"calvin-klein-in2u-masc-edt-50ml","status":"publish","type":"product","link":"https:\/\/www.vbdivulg.com\/index.php\/produto\/calvin-klein-in2u-masc-edt-50ml\/","title":{"rendered":"CALVIN KLEIN IN2U MASC EDT 50ML"},"content":{"rendered":"","protected":false},"excerpt":{"rendered":"<p><strong>CALVIN KLEIN IN2U MASC EDT 50ML<\/strong><\/p>\n<p><strong>\ud83d\udd25 Por: R$ 121,90 em at\u00e9 2x<\/strong><\/p>\n<p><strong>\u26a0\ufe0f Oferta v\u00e1lida para hoje, 13\/07\/2023, podendo encerrar a qualquer momento!!!<\/strong><\/p>\n<p><strong>\u2712\ufe0f Seja prime, primeiro m\u00eas \u00e9 gr\u00e1tis e pode cancelar quando quiser (inclusive no primeiro m\u00eas): <a href=\"https:\/\/amzn.to\/3xyV8G9\">https:\/\/amzn.to\/3xyV8G9<\/a><\/strong><\/p>\n","protected":false},"featured_media":8740,"comment_status":"open","ping_status":"closed","template":"","meta":[],"class_list":{"0":"post-8739","1":"product","2":"type-product","3":"status-publish","4":"has-post-thumbnail","6":"product_cat-perfumaria-2","8":"first","9":"instock","10":"sale","11":"shipping-taxable","12":"product-type-external"},"_links":{"self":[{"href":"https:\/\/www.vbdivulg.com\/index.php\/wp-json\/wp\/v2\/product\/8739","targetHints":{"allow":["GET"]}}],"collection":[{"href":"https:\/\/www.vbdivulg.com\/index.php\/wp-json\/wp\/v2\/product"}],"about":[{"href":"https:\/\/www.vbdivulg.com\/index.php\/wp-json\/wp\/v2\/types\/product"}],"replies":[{"embeddable":true,"href":"https:\/\/www.vbdivulg.com\/index.php\/wp-json\/wp\/v2\/comments?post=8739"}],"wp:featuredmedia":[{"embeddable":true,"href":"https:\/\/www.vbdivulg.com\/index.php\/wp-json\/wp\/v2\/media\/8740"}],"wp:attachment":[{"href":"https:\/\/www.vbdivulg.com\/index.php\/wp-json\/wp\/v2\/media?parent=8739"}],"curies":[{"name":"wp","href":"https:\/\/api.w.org\/{rel}","templated":true}]}}