{"id":8741,"date":"2023-07-13T10:47:31","date_gmt":"2023-07-13T13:47:31","guid":{"rendered":"https:\/\/www.vbdivulg.com\/?post_type=product&#038;p=8741"},"modified":"2023-07-13T10:47:31","modified_gmt":"2023-07-13T13:47:31","slug":"leite-em-po-levinho-ninho-350g","status":"publish","type":"product","link":"https:\/\/www.vbdivulg.com\/index.php\/produto\/leite-em-po-levinho-ninho-350g\/","title":{"rendered":"Leite em P\u00f3, Levinho, Ninho, 350g"},"content":{"rendered":"","protected":false},"excerpt":{"rendered":"<h3><em><strong>Destaque o cupom abaixo do valor para chegar no desconto<\/strong><\/em><\/h3>\n<p><strong>Leite em P\u00f3, Levinho, Ninho, 350g<\/strong><\/p>\n<p><strong>\ud83d\udd25 R$ 16,99<\/strong><\/p>\n<p><strong>\ud83d\uddd3 Oferta v\u00e1lida para hoje, 13\/07\/2023, podendo encerrar a qualquer momento!!!<\/strong><\/p>\n<p><strong>\u2712\ufe0f Seja prime, primeiro m\u00eas \u00e9 gr\u00e1tis e pode cancelar quando quiser (inclusive no primeiro m\u00eas): <a href=\"https:\/\/amzn.to\/3xyV8G9\">https:\/\/amzn.to\/3xyV8G9<\/a><\/strong><\/p>\n","protected":false},"featured_media":8742,"comment_status":"open","ping_status":"closed","template":"","meta":[],"class_list":{"0":"post-8741","1":"product","2":"type-product","3":"status-publish","4":"has-post-thumbnail","6":"product_cat-mercado","8":"first","9":"instock","10":"sale","11":"shipping-taxable","12":"product-type-external"},"_links":{"self":[{"href":"https:\/\/www.vbdivulg.com\/index.php\/wp-json\/wp\/v2\/product\/8741","targetHints":{"allow":["GET"]}}],"collection":[{"href":"https:\/\/www.vbdivulg.com\/index.php\/wp-json\/wp\/v2\/product"}],"about":[{"href":"https:\/\/www.vbdivulg.com\/index.php\/wp-json\/wp\/v2\/types\/product"}],"replies":[{"embeddable":true,"href":"https:\/\/www.vbdivulg.com\/index.php\/wp-json\/wp\/v2\/comments?post=8741"}],"wp:featuredmedia":[{"embeddable":true,"href":"https:\/\/www.vbdivulg.com\/index.php\/wp-json\/wp\/v2\/media\/8742"}],"wp:attachment":[{"href":"https:\/\/www.vbdivulg.com\/index.php\/wp-json\/wp\/v2\/media?parent=8741"}],"curies":[{"name":"wp","href":"https:\/\/api.w.org\/{rel}","templated":true}]}}