{"id":8743,"date":"2023-07-13T11:01:09","date_gmt":"2023-07-13T14:01:09","guid":{"rendered":"https:\/\/www.vbdivulg.com\/?post_type=product&#038;p=8743"},"modified":"2023-07-13T11:01:09","modified_gmt":"2023-07-13T14:01:09","slug":"tenis-brezzy-under-armour-unissex","status":"publish","type":"product","link":"https:\/\/www.vbdivulg.com\/index.php\/produto\/tenis-brezzy-under-armour-unissex\/","title":{"rendered":"T\u00eanis Brezzy, Under Armour, Unissex"},"content":{"rendered":"","protected":false},"excerpt":{"rendered":"<p><strong>\u00c9 Under Armour, precinho \ud83d\udc9c<\/strong><\/p>\n<p><strong>T\u00eanis Brezzy, Under Armour, Unissex<\/strong><\/p>\n<p><strong>\ud83d\udd25 R$ 159,90 em at\u00e9 3x<\/strong><\/p>\n<p><strong>\ud83d\uddd3 Oferta v\u00e1lida para hoje, 13\/07\/2023, podendo encerrar a qualquer momento!!!<\/strong><\/p>\n<p><strong>\u2712\ufe0f Seja prime, primeiro m\u00eas \u00e9 gr\u00e1tis e pode cancelar quando quiser (inclusive no primeiro m\u00eas): <a href=\"https:\/\/amzn.to\/3xyV8G9\">https:\/\/amzn.to\/3xyV8G9\u00a0<\/a><\/strong><\/p>\n","protected":false},"featured_media":8744,"comment_status":"open","ping_status":"closed","template":"","meta":[],"class_list":{"0":"post-8743","1":"product","2":"type-product","3":"status-publish","4":"has-post-thumbnail","6":"product_cat-esporte","8":"first","9":"instock","10":"sale","11":"shipping-taxable","12":"product-type-external"},"_links":{"self":[{"href":"https:\/\/www.vbdivulg.com\/index.php\/wp-json\/wp\/v2\/product\/8743","targetHints":{"allow":["GET"]}}],"collection":[{"href":"https:\/\/www.vbdivulg.com\/index.php\/wp-json\/wp\/v2\/product"}],"about":[{"href":"https:\/\/www.vbdivulg.com\/index.php\/wp-json\/wp\/v2\/types\/product"}],"replies":[{"embeddable":true,"href":"https:\/\/www.vbdivulg.com\/index.php\/wp-json\/wp\/v2\/comments?post=8743"}],"wp:featuredmedia":[{"embeddable":true,"href":"https:\/\/www.vbdivulg.com\/index.php\/wp-json\/wp\/v2\/media\/8744"}],"wp:attachment":[{"href":"https:\/\/www.vbdivulg.com\/index.php\/wp-json\/wp\/v2\/media?parent=8743"}],"curies":[{"name":"wp","href":"https:\/\/api.w.org\/{rel}","templated":true}]}}