{"id":8769,"date":"2023-07-19T15:24:01","date_gmt":"2023-07-19T18:24:01","guid":{"rendered":"https:\/\/www.vbdivulg.com\/?post_type=product&#038;p=8769"},"modified":"2023-07-19T15:25:15","modified_gmt":"2023-07-19T18:25:15","slug":"linha-boti-baby-combos-sabonete-liquido-corpo-e-cabelo-locao-hidratante-shampoo-condicionador-locao-banho-e-pos-banho","status":"publish","type":"product","link":"https:\/\/www.vbdivulg.com\/index.php\/produto\/linha-boti-baby-combos-sabonete-liquido-corpo-e-cabelo-locao-hidratante-shampoo-condicionador-locao-banho-e-pos-banho\/","title":{"rendered":"Linha Boti Baby, Combos, Sabonete L\u00edquido Corpo E Cabelo, Lo\u00e7\u00e3o Hidratante, Shampoo , Condicionador , Lo\u00e7\u00e3o Banho e P\u00f3s-Banho"},"content":{"rendered":"","protected":false},"excerpt":{"rendered":"<p><strong>Linha Boti Baby, Combos, Sabonete L\u00edquido Corpo E Cabelo, Lo\u00e7\u00e3o Hidratante, Shampoo , Condicionador , Lo\u00e7\u00e3o Banho e P\u00f3s-Banho<\/strong><\/p>\n<p><strong>\ud83d\udd25 A partir: R$ 29,90 \u00e0 vista<\/strong><\/p>\n<p><strong>\ud83d\uddd3 Oferta v\u00e1lida para hoje, 19\/07\/2023, podendo encerrar a qualquer momento!!!<\/strong><\/p>\n","protected":false},"featured_media":8772,"comment_status":"open","ping_status":"closed","template":"","meta":[],"class_list":{"0":"post-8769","1":"product","2":"type-product","3":"status-publish","4":"has-post-thumbnail","6":"product_cat-bebes","8":"first","9":"instock","10":"sale","11":"shipping-taxable","12":"product-type-external"},"_links":{"self":[{"href":"https:\/\/www.vbdivulg.com\/index.php\/wp-json\/wp\/v2\/product\/8769","targetHints":{"allow":["GET"]}}],"collection":[{"href":"https:\/\/www.vbdivulg.com\/index.php\/wp-json\/wp\/v2\/product"}],"about":[{"href":"https:\/\/www.vbdivulg.com\/index.php\/wp-json\/wp\/v2\/types\/product"}],"replies":[{"embeddable":true,"href":"https:\/\/www.vbdivulg.com\/index.php\/wp-json\/wp\/v2\/comments?post=8769"}],"wp:featuredmedia":[{"embeddable":true,"href":"https:\/\/www.vbdivulg.com\/index.php\/wp-json\/wp\/v2\/media\/8772"}],"wp:attachment":[{"href":"https:\/\/www.vbdivulg.com\/index.php\/wp-json\/wp\/v2\/media?parent=8769"}],"curies":[{"name":"wp","href":"https:\/\/api.w.org\/{rel}","templated":true}]}}