{"id":8781,"date":"2023-07-19T15:38:43","date_gmt":"2023-07-19T18:38:43","guid":{"rendered":"https:\/\/www.vbdivulg.com\/?post_type=product&#038;p=8781"},"modified":"2023-07-19T15:40:46","modified_gmt":"2023-07-19T18:40:46","slug":"kit-presente-malbec-premium-5-itens","status":"publish","type":"product","link":"https:\/\/www.vbdivulg.com\/index.php\/produto\/kit-presente-malbec-premium-5-itens\/","title":{"rendered":"Kit Presente Malbec Premium (5 itens)"},"content":{"rendered":"","protected":false},"excerpt":{"rendered":"<p><strong>Kit Presente Malbec Premium (5 itens)<\/strong><\/p>\n<p><strong>\ud83d\udd25 Por: R$ 286,90 em at\u00e9 10x<\/strong><\/p>\n<p><strong>Cont\u00e9m:<\/strong><br \/>\n<strong>1 Shower Gel Cabelo e Corpo Malbec 200g<\/strong><br \/>\n<strong>1 Lo\u00e7\u00e3o Hidratante Desodorante Corporal Malbec 200ml<\/strong><br \/>\n<strong>1 Desodorante Antitranspirante Aerossol Malbec 75g<\/strong><br \/>\n<strong>1 Malbec Desodorante Col\u00f4nia 100ml<\/strong><br \/>\n<strong>1 Mochila Masculina Malbec<\/strong><\/p>\n<p><strong>\ud83d\uddd3 Oferta v\u00e1lida para hoje, 19\/07\/2023, podendo encerrar a qualquer momento!!!<\/strong><\/p>\n<p><strong>\u26a0\ufe0fOfertas sujeitas a altera\u00e7\u00e3o de pre\u00e7o, condi\u00e7\u00f5es de pagamento e disponibilidade, sem aviso pr\u00e9vio.<\/strong><\/p>\n","protected":false},"featured_media":8778,"comment_status":"open","ping_status":"closed","template":"","meta":[],"class_list":{"0":"post-8781","1":"product","2":"type-product","3":"status-publish","4":"has-post-thumbnail","6":"product_cat-geral","7":"product_cat-beleza","9":"first","10":"instock","11":"sale","12":"shipping-taxable","13":"product-type-external"},"_links":{"self":[{"href":"https:\/\/www.vbdivulg.com\/index.php\/wp-json\/wp\/v2\/product\/8781","targetHints":{"allow":["GET"]}}],"collection":[{"href":"https:\/\/www.vbdivulg.com\/index.php\/wp-json\/wp\/v2\/product"}],"about":[{"href":"https:\/\/www.vbdivulg.com\/index.php\/wp-json\/wp\/v2\/types\/product"}],"replies":[{"embeddable":true,"href":"https:\/\/www.vbdivulg.com\/index.php\/wp-json\/wp\/v2\/comments?post=8781"}],"wp:featuredmedia":[{"embeddable":true,"href":"https:\/\/www.vbdivulg.com\/index.php\/wp-json\/wp\/v2\/media\/8778"}],"wp:attachment":[{"href":"https:\/\/www.vbdivulg.com\/index.php\/wp-json\/wp\/v2\/media?parent=8781"}],"curies":[{"name":"wp","href":"https:\/\/api.w.org\/{rel}","templated":true}]}}