{"id":8803,"date":"2023-07-19T18:41:44","date_gmt":"2023-07-19T21:41:44","guid":{"rendered":"https:\/\/www.vbdivulg.com\/?post_type=product&#038;p=8803"},"modified":"2023-07-19T18:41:44","modified_gmt":"2023-07-19T21:41:44","slug":"conjunto-de-blazer-e-calcas-retas-para-as-mulheres-2-pecas-blazer-e-calcas-retas-chique-moda-novo-primavera-2023","status":"publish","type":"product","link":"https:\/\/www.vbdivulg.com\/index.php\/produto\/conjunto-de-blazer-e-calcas-retas-para-as-mulheres-2-pecas-blazer-e-calcas-retas-chique-moda-novo-primavera-2023\/","title":{"rendered":"Conjunto de blazer e cal\u00e7as retas para as mulheres, 2 pe\u00e7as, blazer e cal\u00e7as retas, chique, moda, novo, primavera, 2023"},"content":{"rendered":"","protected":false},"excerpt":{"rendered":"<p><strong>Conjunto de blazer e cal\u00e7as retas para as mulheres, 2 pe\u00e7as, blazer e cal\u00e7as retas, chique, moda, novo, primavera, 2023<\/strong><\/p>\n<p><strong>\ud83d\udd25 Por: R$ 117,24<\/strong><\/p>\n<p><strong>\ud83d\uddd3 Oferta v\u00e1lida para hoje, 19\/07\/2023, podendo encerrar a qualquer momento!!!<\/strong><\/p>\n","protected":false},"featured_media":8804,"comment_status":"open","ping_status":"closed","template":"","meta":[],"class_list":{"0":"post-8803","1":"product","2":"type-product","3":"status-publish","4":"has-post-thumbnail","6":"product_cat-moda-e-acessorio-feminino","8":"first","9":"instock","10":"sale","11":"shipping-taxable","12":"product-type-external"},"_links":{"self":[{"href":"https:\/\/www.vbdivulg.com\/index.php\/wp-json\/wp\/v2\/product\/8803","targetHints":{"allow":["GET"]}}],"collection":[{"href":"https:\/\/www.vbdivulg.com\/index.php\/wp-json\/wp\/v2\/product"}],"about":[{"href":"https:\/\/www.vbdivulg.com\/index.php\/wp-json\/wp\/v2\/types\/product"}],"replies":[{"embeddable":true,"href":"https:\/\/www.vbdivulg.com\/index.php\/wp-json\/wp\/v2\/comments?post=8803"}],"wp:featuredmedia":[{"embeddable":true,"href":"https:\/\/www.vbdivulg.com\/index.php\/wp-json\/wp\/v2\/media\/8804"}],"wp:attachment":[{"href":"https:\/\/www.vbdivulg.com\/index.php\/wp-json\/wp\/v2\/media?parent=8803"}],"curies":[{"name":"wp","href":"https:\/\/api.w.org\/{rel}","templated":true}]}}