{"id":8811,"date":"2023-07-20T16:18:21","date_gmt":"2023-07-20T19:18:21","guid":{"rendered":"https:\/\/www.vbdivulg.com\/?post_type=product&#038;p=8811"},"modified":"2023-07-20T16:18:21","modified_gmt":"2023-07-20T19:18:21","slug":"wolff-coracao-pearl-conjunto-de-xicaras-para-cafe-com-pires-de-cristal-4-pecas-transparente-85-ml","status":"publish","type":"product","link":"https:\/\/www.vbdivulg.com\/index.php\/produto\/wolff-coracao-pearl-conjunto-de-xicaras-para-cafe-com-pires-de-cristal-4-pecas-transparente-85-ml\/","title":{"rendered":"Wolff Cora\u00e7\u00e3o Pearl Conjunto de X\u00edcaras para Caf\u00e9 com Pires de Cristal 4 Pe\u00e7as, Transparente, 85 ml"},"content":{"rendered":"","protected":false},"excerpt":{"rendered":"<p><strong>Wolff Cora\u00e7\u00e3o Pearl Conjunto de X\u00edcaras para Caf\u00e9 com Pires de Cristal 4 Pe\u00e7as, Transparente, 85 ml<\/strong><\/p>\n<p><strong>\ud83d\udd25 Por: R$ 47,50 \u00e0 vista<\/strong><\/p>\n<p><strong>\u26a0\ufe0f Oferta v\u00e1lida para hoje, 20\/07\/2023, podendo encerrar a qualquer momento!!!<\/strong><\/p>\n<p><strong>\u2712\ufe0f Seja prime, primeiro m\u00eas \u00e9 gr\u00e1tis e pode cancelar quando quiser (inclusive no primeiro m\u00eas):<\/strong> <a href=\"https:\/\/amzn.to\/3xyV8G9\">https:\/\/amzn.to\/3xyV8G9<\/a><\/p>\n","protected":false},"featured_media":8812,"comment_status":"open","ping_status":"closed","template":"","meta":[],"class_list":{"0":"post-8811","1":"product","2":"type-product","3":"status-publish","4":"has-post-thumbnail","6":"product_cat-utilidades-domesticas","8":"first","9":"instock","10":"sale","11":"shipping-taxable","12":"product-type-external"},"_links":{"self":[{"href":"https:\/\/www.vbdivulg.com\/index.php\/wp-json\/wp\/v2\/product\/8811","targetHints":{"allow":["GET"]}}],"collection":[{"href":"https:\/\/www.vbdivulg.com\/index.php\/wp-json\/wp\/v2\/product"}],"about":[{"href":"https:\/\/www.vbdivulg.com\/index.php\/wp-json\/wp\/v2\/types\/product"}],"replies":[{"embeddable":true,"href":"https:\/\/www.vbdivulg.com\/index.php\/wp-json\/wp\/v2\/comments?post=8811"}],"wp:featuredmedia":[{"embeddable":true,"href":"https:\/\/www.vbdivulg.com\/index.php\/wp-json\/wp\/v2\/media\/8812"}],"wp:attachment":[{"href":"https:\/\/www.vbdivulg.com\/index.php\/wp-json\/wp\/v2\/media?parent=8811"}],"curies":[{"name":"wp","href":"https:\/\/api.w.org\/{rel}","templated":true}]}}