{"id":8815,"date":"2023-07-20T16:24:41","date_gmt":"2023-07-20T19:24:41","guid":{"rendered":"https:\/\/www.vbdivulg.com\/?post_type=product&#038;p=8815"},"modified":"2023-07-20T16:33:13","modified_gmt":"2023-07-20T19:33:13","slug":"tenis-under-armour-ua-charged-slight","status":"publish","type":"product","link":"https:\/\/www.vbdivulg.com\/index.php\/produto\/tenis-under-armour-ua-charged-slight\/","title":{"rendered":"T\u00eanis Under Armour UA CHARGED SLIGHT"},"content":{"rendered":"","protected":false},"excerpt":{"rendered":"<p><strong>Under Armour, t\u00eanis bonito demais \ud83d\udd1d<\/strong><\/p>\n<p><strong>T\u00eanis Under Armour UA CHARGED SLIGHT<\/strong><\/p>\n<p><strong>\ud83d\udd25 R$ 179,90 em at\u00e9 3x<\/strong><\/p>\n<p><strong>\u26a0\ufe0f Oferta v\u00e1lida para hoje, 20\/07\/2023, podendo encerrar a qualquer momento!!!<\/strong><\/p>\n<p><strong>\u2712\ufe0f Seja prime, primeiro m\u00eas \u00e9 gr\u00e1tis e pode cancelar quando quiser (inclusive no primeiro m\u00eas): <a href=\"https:\/\/amzn.to\/3xyV8G9\">https:\/\/amzn.to\/3xyV8G9<\/a><\/strong><\/p>\n","protected":false},"featured_media":8816,"comment_status":"open","ping_status":"closed","template":"","meta":[],"class_list":{"0":"post-8815","1":"product","2":"type-product","3":"status-publish","4":"has-post-thumbnail","6":"product_cat-esporte","8":"first","9":"instock","10":"sale","11":"shipping-taxable","12":"product-type-external"},"_links":{"self":[{"href":"https:\/\/www.vbdivulg.com\/index.php\/wp-json\/wp\/v2\/product\/8815","targetHints":{"allow":["GET"]}}],"collection":[{"href":"https:\/\/www.vbdivulg.com\/index.php\/wp-json\/wp\/v2\/product"}],"about":[{"href":"https:\/\/www.vbdivulg.com\/index.php\/wp-json\/wp\/v2\/types\/product"}],"replies":[{"embeddable":true,"href":"https:\/\/www.vbdivulg.com\/index.php\/wp-json\/wp\/v2\/comments?post=8815"}],"wp:featuredmedia":[{"embeddable":true,"href":"https:\/\/www.vbdivulg.com\/index.php\/wp-json\/wp\/v2\/media\/8816"}],"wp:attachment":[{"href":"https:\/\/www.vbdivulg.com\/index.php\/wp-json\/wp\/v2\/media?parent=8815"}],"curies":[{"name":"wp","href":"https:\/\/api.w.org\/{rel}","templated":true}]}}