{"id":8819,"date":"2023-07-20T16:58:52","date_gmt":"2023-07-20T19:58:52","guid":{"rendered":"https:\/\/www.vbdivulg.com\/?post_type=product&#038;p=8819"},"modified":"2023-07-20T16:58:52","modified_gmt":"2023-07-20T19:58:52","slug":"kit-mamadeira-my-1st-s1-150ml-s2-300ml-girl-nuk-rosa-2-unidades","status":"publish","type":"product","link":"https:\/\/www.vbdivulg.com\/index.php\/produto\/kit-mamadeira-my-1st-s1-150ml-s2-300ml-girl-nuk-rosa-2-unidades\/","title":{"rendered":"Kit Mamadeira My 1st S1 150ml S2 300ml Girl &#8211; NUK, Rosa, 2 Unidades"},"content":{"rendered":"","protected":false},"excerpt":{"rendered":"<p><strong>Kit Mamadeira My 1st S1 150ml S2 300ml Girl &#8211; NUK, Rosa, 2 Unidades<\/strong><\/p>\n<p><strong>\ud83d\udd25 R$ 52,90<\/strong><\/p>\n<p><strong>\u26a0\ufe0f Oferta v\u00e1lida para hoje, 20\/07\/2023, podendo encerrar a qualquer momento!!!<\/strong><\/p>\n<p><strong>\u2712\ufe0f Seja prime, primeiro m\u00eas \u00e9 gr\u00e1tis e pode cancelar quando quiser (inclusive no primeiro m\u00eas): <a href=\"https:\/\/amzn.to\/3xyV8G9\">https:\/\/amzn.to\/3xyV8G9<\/a><\/strong><\/p>\n","protected":false},"featured_media":8820,"comment_status":"open","ping_status":"closed","template":"","meta":[],"class_list":{"0":"post-8819","1":"product","2":"type-product","3":"status-publish","4":"has-post-thumbnail","6":"product_cat-bebes","8":"first","9":"instock","10":"sale","11":"shipping-taxable","12":"product-type-external"},"_links":{"self":[{"href":"https:\/\/www.vbdivulg.com\/index.php\/wp-json\/wp\/v2\/product\/8819","targetHints":{"allow":["GET"]}}],"collection":[{"href":"https:\/\/www.vbdivulg.com\/index.php\/wp-json\/wp\/v2\/product"}],"about":[{"href":"https:\/\/www.vbdivulg.com\/index.php\/wp-json\/wp\/v2\/types\/product"}],"replies":[{"embeddable":true,"href":"https:\/\/www.vbdivulg.com\/index.php\/wp-json\/wp\/v2\/comments?post=8819"}],"wp:featuredmedia":[{"embeddable":true,"href":"https:\/\/www.vbdivulg.com\/index.php\/wp-json\/wp\/v2\/media\/8820"}],"wp:attachment":[{"href":"https:\/\/www.vbdivulg.com\/index.php\/wp-json\/wp\/v2\/media?parent=8819"}],"curies":[{"name":"wp","href":"https:\/\/api.w.org\/{rel}","templated":true}]}}