{"id":8831,"date":"2023-07-21T11:23:33","date_gmt":"2023-07-21T14:23:33","guid":{"rendered":"https:\/\/www.vbdivulg.com\/?post_type=product&#038;p=8831"},"modified":"2023-07-21T11:23:33","modified_gmt":"2023-07-21T14:23:33","slug":"mangueira-super-flex-tramontina-com-engates-rosqueados-e-esguicho-em-pvc-laranja-25-m","status":"publish","type":"product","link":"https:\/\/www.vbdivulg.com\/index.php\/produto\/mangueira-super-flex-tramontina-com-engates-rosqueados-e-esguicho-em-pvc-laranja-25-m\/","title":{"rendered":"Mangueira Super Flex Tramontina Com Engates Rosqueados E Esguicho Em Pvc Laranja 25 M"},"content":{"rendered":"","protected":false},"excerpt":{"rendered":"<p><strong>Essa \u00e9 a de 25 metros, com esguicho e engates \ud83d\udd1d<\/strong><\/p>\n<p><strong>Mangueira Super Flex Tramontina Com Engates Rosqueados E Esguicho Em Pvc Laranja 25 M<\/strong><\/p>\n<p><strong>\ud83d\udd25R$ 76,90 \u00e0 vista<\/strong><\/p>\n<p><strong>\ud83d\uddd3 Oferta v\u00e1lida para hoje, 21\/07\/2023, podendo encerrar a qualquer momento!!!<\/strong><\/p>\n<p><strong>\u2712\ufe0f Seja prime, primeiro m\u00eas \u00e9 gr\u00e1tis e pode cancelar quando quiser (inclusive no primeiro m\u00eas): <a href=\"https:\/\/amzn.to\/3xyV8G9\">https:\/\/amzn.to\/3xyV8G9<\/a><\/strong><\/p>\n","protected":false},"featured_media":8832,"comment_status":"open","ping_status":"closed","template":"","meta":[],"class_list":{"0":"post-8831","1":"product","2":"type-product","3":"status-publish","4":"has-post-thumbnail","6":"product_cat-jardim-e-piscina","8":"first","9":"instock","10":"sale","11":"shipping-taxable","12":"product-type-external"},"_links":{"self":[{"href":"https:\/\/www.vbdivulg.com\/index.php\/wp-json\/wp\/v2\/product\/8831","targetHints":{"allow":["GET"]}}],"collection":[{"href":"https:\/\/www.vbdivulg.com\/index.php\/wp-json\/wp\/v2\/product"}],"about":[{"href":"https:\/\/www.vbdivulg.com\/index.php\/wp-json\/wp\/v2\/types\/product"}],"replies":[{"embeddable":true,"href":"https:\/\/www.vbdivulg.com\/index.php\/wp-json\/wp\/v2\/comments?post=8831"}],"wp:featuredmedia":[{"embeddable":true,"href":"https:\/\/www.vbdivulg.com\/index.php\/wp-json\/wp\/v2\/media\/8832"}],"wp:attachment":[{"href":"https:\/\/www.vbdivulg.com\/index.php\/wp-json\/wp\/v2\/media?parent=8831"}],"curies":[{"name":"wp","href":"https:\/\/api.w.org\/{rel}","templated":true}]}}