{"id":8833,"date":"2023-07-21T14:37:53","date_gmt":"2023-07-21T17:37:53","guid":{"rendered":"https:\/\/www.vbdivulg.com\/?post_type=product&#038;p=8833"},"modified":"2023-07-21T14:37:53","modified_gmt":"2023-07-21T17:37:53","slug":"escrivaninha-para-escritorio-nova-mobile-b23-branco","status":"publish","type":"product","link":"https:\/\/www.vbdivulg.com\/index.php\/produto\/escrivaninha-para-escritorio-nova-mobile-b23-branco\/","title":{"rendered":"Escrivaninha para Escrit\u00f3rio, Nova Mobile, B23 &#8211; Branco"},"content":{"rendered":"","protected":false},"excerpt":{"rendered":"<p><strong>Escrivaninha para Escrit\u00f3rio, Nova Mobile, B23 &#8211; Branco<\/strong><\/p>\n<p><strong>\ud83d\udd25R$ 165,69 via pix<\/strong><\/p>\n<p><strong>\ud83d\uddd3 Oferta v\u00e1lida para hoje, 21\/07\/2023, podendo encerrar a qualquer momento!!!<\/strong><\/p>\n<p><strong>\u2712\ufe0f Seja prime, primeiro m\u00eas \u00e9 gr\u00e1tis e pode cancelar quando quiser (inclusive no primeiro m\u00eas): <a href=\"https:\/\/amzn.to\/3xyV8G9\">https:\/\/amzn.to\/3xyV8G9<\/a><\/strong><\/p>\n","protected":false},"featured_media":8834,"comment_status":"open","ping_status":"closed","template":"","meta":[],"class_list":{"0":"post-8833","1":"product","2":"type-product","3":"status-publish","4":"has-post-thumbnail","6":"product_cat-moveis","8":"first","9":"instock","10":"sale","11":"shipping-taxable","12":"product-type-external"},"_links":{"self":[{"href":"https:\/\/www.vbdivulg.com\/index.php\/wp-json\/wp\/v2\/product\/8833","targetHints":{"allow":["GET"]}}],"collection":[{"href":"https:\/\/www.vbdivulg.com\/index.php\/wp-json\/wp\/v2\/product"}],"about":[{"href":"https:\/\/www.vbdivulg.com\/index.php\/wp-json\/wp\/v2\/types\/product"}],"replies":[{"embeddable":true,"href":"https:\/\/www.vbdivulg.com\/index.php\/wp-json\/wp\/v2\/comments?post=8833"}],"wp:featuredmedia":[{"embeddable":true,"href":"https:\/\/www.vbdivulg.com\/index.php\/wp-json\/wp\/v2\/media\/8834"}],"wp:attachment":[{"href":"https:\/\/www.vbdivulg.com\/index.php\/wp-json\/wp\/v2\/media?parent=8833"}],"curies":[{"name":"wp","href":"https:\/\/api.w.org\/{rel}","templated":true}]}}