{"id":8835,"date":"2023-07-21T14:42:45","date_gmt":"2023-07-21T17:42:45","guid":{"rendered":"https:\/\/www.vbdivulg.com\/?post_type=product&#038;p=8835"},"modified":"2023-07-21T14:42:45","modified_gmt":"2023-07-21T17:42:45","slug":"berco-portatil-origin-cosco-rosa","status":"publish","type":"product","link":"https:\/\/www.vbdivulg.com\/index.php\/produto\/berco-portatil-origin-cosco-rosa\/","title":{"rendered":"Ber\u00e7o Port\u00e1til Origin, Cosco, Rosa"},"content":{"rendered":"","protected":false},"excerpt":{"rendered":"<p><strong>F\u00e1cil de montar, desmontar e transportar<\/strong><\/p>\n<p><strong>\ud83d\udd25 Por: R$ 270,90 em at\u00e9 5x<\/strong><\/p>\n<p><strong>\ud83d\uddd3 Oferta v\u00e1lida para hoje, 21\/07\/2023, podendo encerrar a qualquer momento!!!<\/strong><\/p>\n<p><strong>\u2712\ufe0f Seja prime, primeiro m\u00eas \u00e9 gr\u00e1tis e pode cancelar quando quiser (inclusive no primeiro m\u00eas): <a href=\"https:\/\/amzn.to\/3xyV8G9\">https:\/\/amzn.to\/3xyV8G9<\/a><\/strong><\/p>\n","protected":false},"featured_media":8836,"comment_status":"open","ping_status":"closed","template":"","meta":[],"class_list":{"0":"post-8835","1":"product","2":"type-product","3":"status-publish","4":"has-post-thumbnail","6":"product_cat-bebes","8":"first","9":"instock","10":"sale","11":"shipping-taxable","12":"product-type-external"},"_links":{"self":[{"href":"https:\/\/www.vbdivulg.com\/index.php\/wp-json\/wp\/v2\/product\/8835","targetHints":{"allow":["GET"]}}],"collection":[{"href":"https:\/\/www.vbdivulg.com\/index.php\/wp-json\/wp\/v2\/product"}],"about":[{"href":"https:\/\/www.vbdivulg.com\/index.php\/wp-json\/wp\/v2\/types\/product"}],"replies":[{"embeddable":true,"href":"https:\/\/www.vbdivulg.com\/index.php\/wp-json\/wp\/v2\/comments?post=8835"}],"wp:featuredmedia":[{"embeddable":true,"href":"https:\/\/www.vbdivulg.com\/index.php\/wp-json\/wp\/v2\/media\/8836"}],"wp:attachment":[{"href":"https:\/\/www.vbdivulg.com\/index.php\/wp-json\/wp\/v2\/media?parent=8835"}],"curies":[{"name":"wp","href":"https:\/\/api.w.org\/{rel}","templated":true}]}}