{"id":8844,"date":"2023-07-24T11:31:24","date_gmt":"2023-07-24T14:31:24","guid":{"rendered":"https:\/\/www.vbdivulg.com\/?post_type=product&#038;p=8844"},"modified":"2023-07-24T11:31:24","modified_gmt":"2023-07-24T14:31:24","slug":"saia-longa-em-algodao-texturizado-com-sobreposicao-e-barra-franzida-branco","status":"publish","type":"product","link":"https:\/\/www.vbdivulg.com\/index.php\/produto\/saia-longa-em-algodao-texturizado-com-sobreposicao-e-barra-franzida-branco\/","title":{"rendered":"SAIA LONGA EM ALGOD\u00c3O TEXTURIZADO COM SOBREPOSI\u00c7\u00c3O E BARRA FRANZIDA BRANCO"},"content":{"rendered":"","protected":false},"excerpt":{"rendered":"<p><strong>SAIA LONGA EM ALGOD\u00c3O TEXTURIZADO COM SOBREPOSI\u00c7\u00c3O E BARRA FRANZIDA BRANCO<\/strong><\/p>\n<p><strong>\ud83d\udd25R$ 59,90<\/strong><\/p>\n<p><strong>\ud83d\uddd3 Oferta v\u00e1lida para hoje, 24\/07\/2023, podendo encerrar a qualquer momento!!!<\/strong><\/p>\n","protected":false},"featured_media":8845,"comment_status":"open","ping_status":"closed","template":"","meta":[],"class_list":{"0":"post-8844","1":"product","2":"type-product","3":"status-publish","4":"has-post-thumbnail","6":"product_cat-moda-e-acessorio-feminino","8":"first","9":"instock","10":"sale","11":"shipping-taxable","12":"product-type-external"},"_links":{"self":[{"href":"https:\/\/www.vbdivulg.com\/index.php\/wp-json\/wp\/v2\/product\/8844","targetHints":{"allow":["GET"]}}],"collection":[{"href":"https:\/\/www.vbdivulg.com\/index.php\/wp-json\/wp\/v2\/product"}],"about":[{"href":"https:\/\/www.vbdivulg.com\/index.php\/wp-json\/wp\/v2\/types\/product"}],"replies":[{"embeddable":true,"href":"https:\/\/www.vbdivulg.com\/index.php\/wp-json\/wp\/v2\/comments?post=8844"}],"wp:featuredmedia":[{"embeddable":true,"href":"https:\/\/www.vbdivulg.com\/index.php\/wp-json\/wp\/v2\/media\/8845"}],"wp:attachment":[{"href":"https:\/\/www.vbdivulg.com\/index.php\/wp-json\/wp\/v2\/media?parent=8844"}],"curies":[{"name":"wp","href":"https:\/\/api.w.org\/{rel}","templated":true}]}}