{"id":8857,"date":"2023-07-24T14:54:23","date_gmt":"2023-07-24T17:54:23","guid":{"rendered":"https:\/\/www.vbdivulg.com\/?post_type=product&#038;p=8857"},"modified":"2023-07-24T14:54:23","modified_gmt":"2023-07-24T17:54:23","slug":"multiplicador-5-tomadas-bivolt-powercube-elg-pwc-r5-verde-e-branco","status":"publish","type":"product","link":"https:\/\/www.vbdivulg.com\/index.php\/produto\/multiplicador-5-tomadas-bivolt-powercube-elg-pwc-r5-verde-e-branco\/","title":{"rendered":"Multiplicador 5 Tomadas Bivolt &#8211; PowerCube ELG &#8211; PWC-R5, Verde e Branco"},"content":{"rendered":"","protected":false},"excerpt":{"rendered":"<p><strong>Multiplicador 5 Tomadas Bivolt &#8211; PowerCube ELG &#8211; PWC-R5, Verde e Branco<\/strong><\/p>\n<p><strong>\ud83d\udd25 R$ 46,90 \u00e0 vista<\/strong><\/p>\n<p><strong>\ud83d\uddd3 Oferta v\u00e1lida para hoje, 24\/07\/2023, podendo encerrar a qualquer momento!!!<\/strong><\/p>\n<p><strong>\u2712\ufe0f Seja prime, primeiro m\u00eas \u00e9 gr\u00e1tis e pode cancelar quando quiser (inclusive no primeiro m\u00eas): <a href=\"https:\/\/amzn.to\/3xyV8G9\">https:\/\/amzn.to\/3xyV8G9<\/a><\/strong><\/p>\n","protected":false},"featured_media":8858,"comment_status":"open","ping_status":"closed","template":"","meta":[],"class_list":{"0":"post-8857","1":"product","2":"type-product","3":"status-publish","4":"has-post-thumbnail","6":"product_cat-eletronicas-e-tecnologia","8":"first","9":"instock","10":"sale","11":"shipping-taxable","12":"product-type-external"},"_links":{"self":[{"href":"https:\/\/www.vbdivulg.com\/index.php\/wp-json\/wp\/v2\/product\/8857","targetHints":{"allow":["GET"]}}],"collection":[{"href":"https:\/\/www.vbdivulg.com\/index.php\/wp-json\/wp\/v2\/product"}],"about":[{"href":"https:\/\/www.vbdivulg.com\/index.php\/wp-json\/wp\/v2\/types\/product"}],"replies":[{"embeddable":true,"href":"https:\/\/www.vbdivulg.com\/index.php\/wp-json\/wp\/v2\/comments?post=8857"}],"wp:featuredmedia":[{"embeddable":true,"href":"https:\/\/www.vbdivulg.com\/index.php\/wp-json\/wp\/v2\/media\/8858"}],"wp:attachment":[{"href":"https:\/\/www.vbdivulg.com\/index.php\/wp-json\/wp\/v2\/media?parent=8857"}],"curies":[{"name":"wp","href":"https:\/\/api.w.org\/{rel}","templated":true}]}}