{"id":8864,"date":"2023-07-26T07:33:32","date_gmt":"2023-07-26T10:33:32","guid":{"rendered":"https:\/\/www.vbdivulg.com\/?post_type=product&#038;p=8864"},"modified":"2023-07-26T07:33:33","modified_gmt":"2023-07-26T10:33:33","slug":"ballantines-finest-by-shawna-x","status":"publish","type":"product","link":"https:\/\/www.vbdivulg.com\/index.php\/produto\/ballantines-finest-by-shawna-x\/","title":{"rendered":"Ballantines Finest by Shawna X"},"content":{"rendered":"","protected":false},"excerpt":{"rendered":"<p><strong>Ballantines!!!<\/strong><\/p>\n<p><strong>Ballantines Finest by Shawna X<\/strong><\/p>\n<p><strong>\ud83d\udd25 Por: R$ 58,76 \u00e0 vista<\/strong><\/p>\n<p><strong>\ud83d\uddd3 Oferta v\u00e1lida para hoje, 26\/07\/2023, podendo encerrar a qualquer momento!!!<\/strong><\/p>\n<p><strong>\u2712\ufe0f Seja prime, primeiro m\u00eas \u00e9 gr\u00e1tis e pode cancelar quando quiser (inclusive no primeiro m\u00eas): <a href=\"https:\/\/amzn.to\/3xyV8G9\">https:\/\/amzn.to\/3xyV8G9<\/a><\/strong><\/p>\n","protected":false},"featured_media":8865,"comment_status":"open","ping_status":"closed","template":"","meta":[],"class_list":{"0":"post-8864","1":"product","2":"type-product","3":"status-publish","4":"has-post-thumbnail","6":"product_cat-bebidas-e-alimentos","8":"first","9":"instock","10":"sale","11":"shipping-taxable","12":"product-type-external"},"_links":{"self":[{"href":"https:\/\/www.vbdivulg.com\/index.php\/wp-json\/wp\/v2\/product\/8864","targetHints":{"allow":["GET"]}}],"collection":[{"href":"https:\/\/www.vbdivulg.com\/index.php\/wp-json\/wp\/v2\/product"}],"about":[{"href":"https:\/\/www.vbdivulg.com\/index.php\/wp-json\/wp\/v2\/types\/product"}],"replies":[{"embeddable":true,"href":"https:\/\/www.vbdivulg.com\/index.php\/wp-json\/wp\/v2\/comments?post=8864"}],"wp:featuredmedia":[{"embeddable":true,"href":"https:\/\/www.vbdivulg.com\/index.php\/wp-json\/wp\/v2\/media\/8865"}],"wp:attachment":[{"href":"https:\/\/www.vbdivulg.com\/index.php\/wp-json\/wp\/v2\/media?parent=8864"}],"curies":[{"name":"wp","href":"https:\/\/api.w.org\/{rel}","templated":true}]}}