{"id":8873,"date":"2023-07-26T09:28:31","date_gmt":"2023-07-26T12:28:31","guid":{"rendered":"https:\/\/www.vbdivulg.com\/?post_type=product&#038;p=8873"},"modified":"2023-07-26T09:28:31","modified_gmt":"2023-07-26T12:28:31","slug":"removedor-de-pelos-faciais-sense-depil-pap07","status":"publish","type":"product","link":"https:\/\/www.vbdivulg.com\/index.php\/produto\/removedor-de-pelos-faciais-sense-depil-pap07\/","title":{"rendered":"REMOVEDOR DE PELOS FACIAIS SENSE DEPIL PAP07"},"content":{"rendered":"","protected":false},"excerpt":{"rendered":"<p><strong>Muito bem avaliado \ud83d\ude09 Tenho e recomendo \ud83c\udf1f<\/strong><\/p>\n<p><strong>REMOVEDOR DE PELOS FACIAIS SENSE DEPIL PAP07<\/strong><\/p>\n<p><strong>\ud83d\udd25R$ 79,90 \u00e0 vista<\/strong><\/p>\n<p><strong>\ud83d\uddd3 Oferta v\u00e1lida para hoje, 26\/07\/2023, podendo encerrar a qualquer momento!!!<\/strong><\/p>\n<p><strong>\u2712\ufe0f Seja prime, primeiro m\u00eas \u00e9 gr\u00e1tis e pode cancelar quando quiser (inclusive no primeiro m\u00eas): <a href=\"https:\/\/amzn.to\/3xyV8G9\">https:\/\/amzn.to\/3xyV8G9<\/a><\/strong><\/p>\n","protected":false},"featured_media":8874,"comment_status":"open","ping_status":"closed","template":"","meta":[],"class_list":{"0":"post-8873","1":"product","2":"type-product","3":"status-publish","4":"has-post-thumbnail","6":"product_cat-beleza","8":"first","9":"instock","10":"sale","11":"shipping-taxable","12":"product-type-external"},"_links":{"self":[{"href":"https:\/\/www.vbdivulg.com\/index.php\/wp-json\/wp\/v2\/product\/8873","targetHints":{"allow":["GET"]}}],"collection":[{"href":"https:\/\/www.vbdivulg.com\/index.php\/wp-json\/wp\/v2\/product"}],"about":[{"href":"https:\/\/www.vbdivulg.com\/index.php\/wp-json\/wp\/v2\/types\/product"}],"replies":[{"embeddable":true,"href":"https:\/\/www.vbdivulg.com\/index.php\/wp-json\/wp\/v2\/comments?post=8873"}],"wp:featuredmedia":[{"embeddable":true,"href":"https:\/\/www.vbdivulg.com\/index.php\/wp-json\/wp\/v2\/media\/8874"}],"wp:attachment":[{"href":"https:\/\/www.vbdivulg.com\/index.php\/wp-json\/wp\/v2\/media?parent=8873"}],"curies":[{"name":"wp","href":"https:\/\/api.w.org\/{rel}","templated":true}]}}