{"id":8875,"date":"2023-07-26T09:30:52","date_gmt":"2023-07-26T12:30:52","guid":{"rendered":"https:\/\/www.vbdivulg.com\/?post_type=product&#038;p=8875"},"modified":"2023-07-26T09:30:52","modified_gmt":"2023-07-26T12:30:52","slug":"escova-de-dente-5460-curaprox-curaprox-multicor","status":"publish","type":"product","link":"https:\/\/www.vbdivulg.com\/index.php\/produto\/escova-de-dente-5460-curaprox-curaprox-multicor\/","title":{"rendered":"Escova de Dente 5460 Curaprox, Curaprox, Multicor"},"content":{"rendered":"","protected":false},"excerpt":{"rendered":"<p><strong>PRE\u00c7\u00c3O\u203c\ufe0f Uma das melhores escovas do mercado \ud83e\uddb7<\/strong><\/p>\n<p><strong>Escova de Dente 5460 Curaprox, Curaprox, Multicor<\/strong><\/p>\n<p><strong>\ud83d\udd25R$ 21,90 \u00e0 vista<\/strong><\/p>\n<p><strong>\ud83d\uddd3 Oferta v\u00e1lida para hoje, 26\/07\/2023, podendo encerrar a qualquer momento!!!<\/strong><\/p>\n<p><strong>\u2712\ufe0f Seja prime, primeiro m\u00eas \u00e9 gr\u00e1tis e pode cancelar quando quiser (inclusive no primeiro m\u00eas): <a href=\"https:\/\/amzn.to\/3xyV8G9\">https:\/\/amzn.to\/3xyV8G9<\/a><\/strong><\/p>\n","protected":false},"featured_media":8876,"comment_status":"open","ping_status":"closed","template":"","meta":[],"class_list":{"0":"post-8875","1":"product","2":"type-product","3":"status-publish","4":"has-post-thumbnail","6":"product_cat-saude","8":"first","9":"instock","10":"sale","11":"shipping-taxable","12":"product-type-external"},"_links":{"self":[{"href":"https:\/\/www.vbdivulg.com\/index.php\/wp-json\/wp\/v2\/product\/8875","targetHints":{"allow":["GET"]}}],"collection":[{"href":"https:\/\/www.vbdivulg.com\/index.php\/wp-json\/wp\/v2\/product"}],"about":[{"href":"https:\/\/www.vbdivulg.com\/index.php\/wp-json\/wp\/v2\/types\/product"}],"replies":[{"embeddable":true,"href":"https:\/\/www.vbdivulg.com\/index.php\/wp-json\/wp\/v2\/comments?post=8875"}],"wp:featuredmedia":[{"embeddable":true,"href":"https:\/\/www.vbdivulg.com\/index.php\/wp-json\/wp\/v2\/media\/8876"}],"wp:attachment":[{"href":"https:\/\/www.vbdivulg.com\/index.php\/wp-json\/wp\/v2\/media?parent=8875"}],"curies":[{"name":"wp","href":"https:\/\/api.w.org\/{rel}","templated":true}]}}