{"id":8879,"date":"2023-07-26T09:35:34","date_gmt":"2023-07-26T12:35:34","guid":{"rendered":"https:\/\/www.vbdivulg.com\/?post_type=product&#038;p=8879"},"modified":"2023-07-26T09:35:35","modified_gmt":"2023-07-26T12:35:35","slug":"faqueiro-em-aco-inox-buzios-com-24-pecas-2","status":"publish","type":"product","link":"https:\/\/www.vbdivulg.com\/index.php\/produto\/faqueiro-em-aco-inox-buzios-com-24-pecas-2\/","title":{"rendered":"Faqueiro em A\u00e7o Inox B\u00fazios com 24 Pe\u00e7as"},"content":{"rendered":"","protected":false},"excerpt":{"rendered":"<p><strong>Qualidade Tramontina \ud83d\ude09 24 pe\u00e7as<\/strong><\/p>\n<p><strong>Faqueiro em A\u00e7o Inox B\u00fazios com 24 Pe\u00e7as<\/strong><\/p>\n<p><strong>\ud83d\udd25R$ 60,90 \u00e0 vista<\/strong><\/p>\n<p><strong>\u26a0\ufe0f Oferta v\u00e1lida para hoje, 26\/07\/2023, podendo encerrar a qualquer momento!!!<\/strong><\/p>\n<p><strong>\u2712\ufe0f Seja prime, primeiro m\u00eas \u00e9 gr\u00e1tis e pode cancelar quando quiser (inclusive no primeiro m\u00eas): <a href=\"https:\/\/amzn.to\/3xyV8G9\">https:\/\/amzn.to\/3xyV8G9<\/a><\/strong><\/p>\n","protected":false},"featured_media":8880,"comment_status":"open","ping_status":"closed","template":"","meta":[],"class_list":{"0":"post-8879","1":"product","2":"type-product","3":"status-publish","4":"has-post-thumbnail","6":"product_cat-utilidades-domesticas","8":"first","9":"instock","10":"sale","11":"shipping-taxable","12":"product-type-external"},"_links":{"self":[{"href":"https:\/\/www.vbdivulg.com\/index.php\/wp-json\/wp\/v2\/product\/8879","targetHints":{"allow":["GET"]}}],"collection":[{"href":"https:\/\/www.vbdivulg.com\/index.php\/wp-json\/wp\/v2\/product"}],"about":[{"href":"https:\/\/www.vbdivulg.com\/index.php\/wp-json\/wp\/v2\/types\/product"}],"replies":[{"embeddable":true,"href":"https:\/\/www.vbdivulg.com\/index.php\/wp-json\/wp\/v2\/comments?post=8879"}],"wp:featuredmedia":[{"embeddable":true,"href":"https:\/\/www.vbdivulg.com\/index.php\/wp-json\/wp\/v2\/media\/8880"}],"wp:attachment":[{"href":"https:\/\/www.vbdivulg.com\/index.php\/wp-json\/wp\/v2\/media?parent=8879"}],"curies":[{"name":"wp","href":"https:\/\/api.w.org\/{rel}","templated":true}]}}